{"id":69,"date":"2025-05-30T08:58:25","date_gmt":"2025-05-30T12:58:25","guid":{"rendered":"https:\/\/leclercwebsite-f9excuezfmheenah.canadacentral-01.azurewebsites.net\/waste-2\/"},"modified":"2025-06-13T10:35:55","modified_gmt":"2025-06-13T14:35:55","slug":"dechets","status":"publish","type":"page","link":"https:\/\/leclerc.ca\/fr\/entreprise-citoyenne\/environnement\/dechets\/","title":{"rendered":"D\u00e9chets"},"content":{"rendered":"\t\t<div data-elementor-type=\"wp-page\" data-elementor-id=\"69\" class=\"elementor elementor-69\">\n\t\t\t\t<div class=\"elementor-element elementor-element-47991610 e-con-full header-container e-flex e-con e-parent\" data-id=\"47991610\" data-element_type=\"container\" data-settings=\"{&quot;background_background&quot;:&quot;classic&quot;}\">\n\t\t\t\t<div class=\"elementor-element elementor-element-1273fb2c elementor-widget elementor-widget-heading\" data-id=\"1273fb2c\" data-element_type=\"widget\" data-widget_type=\"heading.default\">\n\t\t\t\t<div class=\"elementor-widget-container\">\n\t\t\t\t\t<h2 class=\"elementor-heading-title elementor-size-default\">D\u00c9CHETS<\/h2>\t\t\t\t<\/div>\n\t\t\t\t<\/div>\n\t\t\t\t<div class=\"elementor-element elementor-element-2376a3af elementor-align-left elementor-widget elementor-widget-button\" data-id=\"2376a3af\" data-element_type=\"widget\" data-widget_type=\"button.default\">\n\t\t\t\t<div class=\"elementor-widget-container\">\n\t\t\t\t\t\t\t\t\t<div class=\"elementor-button-wrapper\">\n\t\t\t\t\t<a class=\"elementor-button elementor-button-link elementor-size-sm\" href=\"\/entreprise-citoyenne\/environnement\/\">\n\t\t\t\t\t\t<span class=\"elementor-button-content-wrapper\">\n\t\t\t\t\t\t<span class=\"elementor-button-icon\">\n\t\t\t\t<svg aria-hidden=\"true\" class=\"e-font-icon-svg e-fas-chevron-left\" viewBox=\"0 0 320 512\" xmlns=\"http:\/\/www.w3.org\/2000\/svg\"><path d=\"M34.52 239.03L228.87 44.69c9.37-9.37 24.57-9.37 33.94 0l22.67 22.67c9.36 9.36 9.37 24.52.04 33.9L131.49 256l154.02 154.75c9.34 9.38 9.32 24.54-.04 33.9l-22.67 22.67c-9.37 9.37-24.57 9.37-33.94 0L34.52 272.97c-9.37-9.37-9.37-24.57 0-33.94z\"><\/path><\/svg>\t\t\t<\/span>\n\t\t\t\t\t\t\t\t\t<span class=\"elementor-button-text\">section environnement<\/span>\n\t\t\t\t\t<\/span>\n\t\t\t\t\t<\/a>\n\t\t\t\t<\/div>\n\t\t\t\t\t\t\t\t<\/div>\n\t\t\t\t<\/div>\n\t\t\t\t<\/div>\n\t\t<div class=\"elementor-element elementor-element-8527213 e-flex e-con-boxed e-con e-parent\" data-id=\"8527213\" data-element_type=\"container\">\n\t\t\t\t\t<div class=\"e-con-inner\">\n\t\t\t\t<div class=\"elementor-element elementor-element-4765ad09 elementor-widget elementor-widget-spacer\" data-id=\"4765ad09\" data-element_type=\"widget\" data-widget_type=\"spacer.default\">\n\t\t\t\t<div class=\"elementor-widget-container\">\n\t\t\t\t\t\t\t<div class=\"elementor-spacer\">\n\t\t\t<div class=\"elementor-spacer-inner\"><\/div>\n\t\t<\/div>\n\t\t\t\t\t\t<\/div>\n\t\t\t\t<\/div>\n\t\t\t\t<div class=\"elementor-element elementor-element-3e8e8819 elementor-widget elementor-widget-text-editor\" data-id=\"3e8e8819\" data-element_type=\"widget\" data-widget_type=\"text-editor.default\">\n\t\t\t\t<div class=\"elementor-widget-container\">\n\t\t\t\t\t\t\t\t\t<p>Chez Leclerc, notre engagement envers l\u2019environnement se refl\u00e8te dans chaque geste, jusque dans la gestion de nos mati\u00e8res r\u00e9siduelles. En r\u00e9duisant, triant et valorisant nos d\u00e9chets, nous contribuons activement \u00e0 une \u00e9conomie circulaire plus durable et \u00e0 la pr\u00e9servation des ressources de notre plan\u00e8te.<\/p>\t\t\t\t\t\t\t\t<\/div>\n\t\t\t\t<\/div>\n\t\t\t\t\t<\/div>\n\t\t\t\t<\/div>\n\t\t<div class=\"elementor-element elementor-element-214fb343 e-con-full e-flex e-con e-parent\" data-id=\"214fb343\" data-element_type=\"container\">\n\t\t<div class=\"elementor-element elementor-element-667b9925 e-con-full e-flex e-con e-child\" data-id=\"667b9925\" data-element_type=\"container\">\n\t\t<div class=\"elementor-element elementor-element-21de7a06 e-con-full e-flex e-con e-child\" data-id=\"21de7a06\" data-element_type=\"container\">\n\t\t\t\t<div class=\"elementor-element elementor-element-13e9305f elementor-widget elementor-widget-image\" data-id=\"13e9305f\" data-element_type=\"widget\" data-widget_type=\"image.default\">\n\t\t\t\t<div class=\"elementor-widget-container\">\n\t\t\t\t\t\t\t\t\t\t\t\t\t\t\t<img fetchpriority=\"high\" decoding=\"async\" width=\"818\" height=\"818\" src=\"\/wp-content\/uploads\/2025\/05\/dechets-animal@2x.png\" class=\"attachment-large size-large wp-image-246\" alt=\"\" srcset=\"\/wp-content\/uploads\/2025\/05\/dechets-animal@2x.png 818w, \/wp-content\/uploads\/2025\/05\/dechets-animal@2x-300x300.png 300w, \/wp-content\/uploads\/2025\/05\/dechets-animal@2x-150x150.png 150w, \/wp-content\/uploads\/2025\/05\/dechets-animal@2x-768x768.png 768w\" sizes=\"(max-width: 818px) 100vw, 818px\" \/>\t\t\t\t\t\t\t\t\t\t\t\t\t\t\t<\/div>\n\t\t\t\t<\/div>\n\t\t\t\t<\/div>\n\t\t<div class=\"elementor-element elementor-element-2d9d61bc e-con-full e-flex e-con e-child\" data-id=\"2d9d61bc\" data-element_type=\"container\">\n\t\t\t\t<div class=\"elementor-element elementor-element-7ba2a411 elementor-widget__width-initial elementor-widget elementor-widget-heading\" data-id=\"7ba2a411\" data-element_type=\"widget\" data-widget_type=\"heading.default\">\n\t\t\t\t<div class=\"elementor-widget-container\">\n\t\t\t\t\t<h2 class=\"elementor-heading-title elementor-size-default\">100\u202f% DE NOS D\u00c9CHETS ALIMENTAIRES SONT D\u00c9TOURN\u00c9S DE L\u2019ENFOUISSEMENT<\/h2>\t\t\t\t<\/div>\n\t\t\t\t<\/div>\n\t\t\t\t<div class=\"elementor-element elementor-element-1f116c4d elementor-widget__width-initial elementor-widget elementor-widget-heading\" data-id=\"1f116c4d\" data-element_type=\"widget\" data-widget_type=\"heading.default\">\n\t\t\t\t<div class=\"elementor-widget-container\">\n\t\t\t\t\t<h2 class=\"elementor-heading-title elementor-size-default\">ILS SONT ENTI\u00c8REMENT VALORIS\u00c9S, QUE CE SOIT EN ALIMENTATION ANIMALE OU EN \u00c9PANDAGE AGRICOLE.<\/h2>\t\t\t\t<\/div>\n\t\t\t\t<\/div>\n\t\t\t\t<\/div>\n\t\t\t\t<\/div>\n\t\t\t\t<\/div>\n\t\t<div class=\"elementor-element elementor-element-4f1abee e-con-full e-flex e-con e-parent\" data-id=\"4f1abee\" data-element_type=\"container\" data-settings=\"{&quot;background_background&quot;:&quot;classic&quot;}\">\n\t\t<div class=\"elementor-element elementor-element-5ce3b6d0 e-con-full e-flex e-con e-child\" data-id=\"5ce3b6d0\" data-element_type=\"container\">\n\t\t<div class=\"elementor-element elementor-element-5f868e32 e-con-full e-flex e-con e-child\" data-id=\"5f868e32\" data-element_type=\"container\">\n\t\t\t\t<div class=\"elementor-element elementor-element-18f333e1 elementor-widget elementor-widget-image\" data-id=\"18f333e1\" data-element_type=\"widget\" data-widget_type=\"image.default\">\n\t\t\t\t<div class=\"elementor-widget-container\">\n\t\t\t\t\t\t\t\t\t\t\t\t\t\t\t<img decoding=\"async\" width=\"818\" height=\"818\" src=\"\/wp-content\/uploads\/2025\/05\/dechets-recyclage@2x.png\" class=\"attachment-large size-large wp-image-242\" alt=\"\" srcset=\"\/wp-content\/uploads\/2025\/05\/dechets-recyclage@2x.png 818w, \/wp-content\/uploads\/2025\/05\/dechets-recyclage@2x-300x300.png 300w, \/wp-content\/uploads\/2025\/05\/dechets-recyclage@2x-150x150.png 150w, \/wp-content\/uploads\/2025\/05\/dechets-recyclage@2x-768x768.png 768w\" sizes=\"(max-width: 818px) 100vw, 818px\" \/>\t\t\t\t\t\t\t\t\t\t\t\t\t\t\t<\/div>\n\t\t\t\t<\/div>\n\t\t\t\t<\/div>\n\t\t<div class=\"elementor-element elementor-element-13aa7820 e-con-full e-flex e-con e-child\" data-id=\"13aa7820\" data-element_type=\"container\">\n\t\t\t\t<div class=\"elementor-element elementor-element-201f724b elementor-widget__width-initial elementor-widget elementor-widget-heading\" data-id=\"201f724b\" data-element_type=\"widget\" data-widget_type=\"heading.default\">\n\t\t\t\t<div class=\"elementor-widget-container\">\n\t\t\t\t\t<h2 class=\"elementor-heading-title elementor-size-default\">RECYCLAGE<\/h2>\t\t\t\t<\/div>\n\t\t\t\t<\/div>\n\t\t\t\t<div class=\"elementor-element elementor-element-2cb2ec5 elementor-widget elementor-widget-text-editor\" data-id=\"2cb2ec5\" data-element_type=\"widget\" data-widget_type=\"text-editor.default\">\n\t\t\t\t<div class=\"elementor-widget-container\">\n\t\t\t\t\t\t\t\t\t<p>Nous avons mis en place des fili\u00e8res de recyclage robustes avec des partenaires locaux pour plusieurs types de mati\u00e8res.<\/p><p>Notre objectif : maximiser la valorisation de chaque ressource et minimiser notre empreinte environnementale.<\/p>\t\t\t\t\t\t\t\t<\/div>\n\t\t\t\t<\/div>\n\t\t\t\t<\/div>\n\t\t\t\t<\/div>\n\t\t\t\t<\/div>\n\t\t<div class=\"elementor-element elementor-element-720c9ed2 e-flex e-con-boxed e-con e-parent\" data-id=\"720c9ed2\" data-element_type=\"container\" data-settings=\"{&quot;background_background&quot;:&quot;classic&quot;}\">\n\t\t\t\t\t<div class=\"e-con-inner\">\n\t\t<div class=\"elementor-element elementor-element-3582b69 e-con-full e-grid e-con e-child\" data-id=\"3582b69\" data-element_type=\"container\">\n\t\t\t\t<div class=\"elementor-element elementor-element-44f7597d elementor-position-top elementor-widget elementor-widget-image-box\" data-id=\"44f7597d\" data-element_type=\"widget\" data-widget_type=\"image-box.default\">\n\t\t\t\t<div class=\"elementor-widget-container\">\n\t\t\t\t\t<div class=\"elementor-image-box-wrapper\"><figure class=\"elementor-image-box-img\"><img decoding=\"async\" src=\"\/wp-content\/uploads\/2025\/05\/dechets-icon-1.svg\" class=\"attachment-full size-full wp-image-247\" alt=\"\" \/><\/figure><div class=\"elementor-image-box-content\"><p class=\"elementor-image-box-description\">cartons<\/p><\/div><\/div>\t\t\t\t<\/div>\n\t\t\t\t<\/div>\n\t\t\t\t<div class=\"elementor-element elementor-element-640f2e68 elementor-position-top elementor-widget elementor-widget-image-box\" data-id=\"640f2e68\" data-element_type=\"widget\" data-widget_type=\"image-box.default\">\n\t\t\t\t<div class=\"elementor-widget-container\">\n\t\t\t\t\t<div class=\"elementor-image-box-wrapper\"><figure class=\"elementor-image-box-img\"><img decoding=\"async\" src=\"\/wp-content\/uploads\/2025\/05\/dechets-icon-2.svg\" class=\"attachment-full size-full wp-image-248\" alt=\"\" \/><\/figure><div class=\"elementor-image-box-content\"><p class=\"elementor-image-box-description\">bois<\/p><\/div><\/div>\t\t\t\t<\/div>\n\t\t\t\t<\/div>\n\t\t\t\t<div class=\"elementor-element elementor-element-469a9e8a elementor-position-top elementor-widget elementor-widget-image-box\" data-id=\"469a9e8a\" data-element_type=\"widget\" data-widget_type=\"image-box.default\">\n\t\t\t\t<div class=\"elementor-widget-container\">\n\t\t\t\t\t<div class=\"elementor-image-box-wrapper\"><figure class=\"elementor-image-box-img\"><img decoding=\"async\" src=\"\/wp-content\/uploads\/2025\/05\/dechets-icon-3.svg\" class=\"attachment-full size-full wp-image-249\" alt=\"\" \/><\/figure><div class=\"elementor-image-box-content\"><p class=\"elementor-image-box-description\">mat\u00e9riel informatique<\/p><\/div><\/div>\t\t\t\t<\/div>\n\t\t\t\t<\/div>\n\t\t\t\t<div class=\"elementor-element elementor-element-219c56c4 elementor-position-top elementor-widget elementor-widget-image-box\" data-id=\"219c56c4\" data-element_type=\"widget\" data-widget_type=\"image-box.default\">\n\t\t\t\t<div class=\"elementor-widget-container\">\n\t\t\t\t\t<div class=\"elementor-image-box-wrapper\"><figure class=\"elementor-image-box-img\"><img decoding=\"async\" src=\"\/wp-content\/uploads\/2025\/05\/dechets-icon-4.svg\" class=\"attachment-full size-full wp-image-239\" alt=\"\" \/><\/figure><div class=\"elementor-image-box-content\"><p class=\"elementor-image-box-description\">m\u00e9taux<\/p><\/div><\/div>\t\t\t\t<\/div>\n\t\t\t\t<\/div>\n\t\t\t\t<div class=\"elementor-element elementor-element-61839961 elementor-position-top elementor-widget elementor-widget-image-box\" data-id=\"61839961\" data-element_type=\"widget\" data-widget_type=\"image-box.default\">\n\t\t\t\t<div class=\"elementor-widget-container\">\n\t\t\t\t\t<div class=\"elementor-image-box-wrapper\"><figure class=\"elementor-image-box-img\"><img decoding=\"async\" src=\"\/wp-content\/uploads\/2025\/05\/dechets-icon-5.svg\" class=\"attachment-full size-full wp-image-240\" alt=\"\" \/><\/figure><div class=\"elementor-image-box-content\"><p class=\"elementor-image-box-description\">huiles us\u00e9es<\/p><\/div><\/div>\t\t\t\t<\/div>\n\t\t\t\t<\/div>\n\t\t\t\t<\/div>\n\t\t\t\t\t<\/div>\n\t\t\t\t<\/div>\n\t\t<div class=\"elementor-element elementor-element-1df7a78c e-flex e-con-boxed e-con e-parent\" data-id=\"1df7a78c\" data-element_type=\"container\">\n\t\t\t\t\t<div class=\"e-con-inner\">\n\t\t\t\t<div class=\"elementor-element elementor-element-85832fa elementor-widget elementor-widget-spacer\" data-id=\"85832fa\" data-element_type=\"widget\" data-widget_type=\"spacer.default\">\n\t\t\t\t<div class=\"elementor-widget-container\">\n\t\t\t\t\t\t\t<div class=\"elementor-spacer\">\n\t\t\t<div class=\"elementor-spacer-inner\"><\/div>\n\t\t<\/div>\n\t\t\t\t\t\t<\/div>\n\t\t\t\t<\/div>\n\t\t\t\t<div class=\"elementor-element elementor-element-af1ff6d elementor-widget elementor-widget-heading\" data-id=\"af1ff6d\" data-element_type=\"widget\" data-widget_type=\"heading.default\">\n\t\t\t\t<div class=\"elementor-widget-container\">\n\t\t\t\t\t<h2 class=\"elementor-heading-title elementor-size-default\">actions<\/h2>\t\t\t\t<\/div>\n\t\t\t\t<\/div>\n\t\t\t\t<div class=\"elementor-element elementor-element-7b218a47 elementor-widget elementor-widget-heading\" data-id=\"7b218a47\" data-element_type=\"widget\" data-widget_type=\"heading.default\">\n\t\t\t\t<div class=\"elementor-widget-container\">\n\t\t\t\t\t<h2 class=\"elementor-heading-title elementor-size-default\">NOTRE FEUILLE DE ROUTE<\/h2>\t\t\t\t<\/div>\n\t\t\t\t<\/div>\n\t\t<div class=\"elementor-element elementor-element-a17d8b7 e-grid e-con-full e-con e-child\" data-id=\"a17d8b7\" data-element_type=\"container\">\n\t\t<div class=\"elementor-element elementor-element-7b8219f2 e-con-full e-flex e-con e-child\" data-id=\"7b8219f2\" data-element_type=\"container\">\n\t\t\t\t<div class=\"elementor-element elementor-element-1229601e elementor-widget__width-initial elementor-widget-mobile__width-inherit elementor-widget elementor-widget-heading\" data-id=\"1229601e\" data-element_type=\"widget\" data-widget_type=\"heading.default\">\n\t\t\t\t<div class=\"elementor-widget-container\">\n\t\t\t\t\t<h1 class=\"elementor-heading-title elementor-size-default\">1<\/h1>\t\t\t\t<\/div>\n\t\t\t\t<\/div>\n\t\t<div class=\"elementor-element elementor-element-3f9bca2 e-con-full e-flex e-con e-child\" data-id=\"3f9bca2\" data-element_type=\"container\">\n\t\t\t\t<div class=\"elementor-element elementor-element-4c4bd622 elementor-widget elementor-widget-spacer\" data-id=\"4c4bd622\" data-element_type=\"widget\" data-widget_type=\"spacer.default\">\n\t\t\t\t<div class=\"elementor-widget-container\">\n\t\t\t\t\t\t\t<div class=\"elementor-spacer\">\n\t\t\t<div class=\"elementor-spacer-inner\"><\/div>\n\t\t<\/div>\n\t\t\t\t\t\t<\/div>\n\t\t\t\t<\/div>\n\t\t\t\t<div class=\"elementor-element elementor-element-e2baa4e elementor-widget elementor-widget-heading\" data-id=\"e2baa4e\" data-element_type=\"widget\" data-widget_type=\"heading.default\">\n\t\t\t\t<div class=\"elementor-widget-container\">\n\t\t\t\t\t<h3 class=\"elementor-heading-title elementor-size-default\">INDICATEURS<\/h3>\t\t\t\t<\/div>\n\t\t\t\t<\/div>\n\t\t\t\t<div class=\"elementor-element elementor-element-45ed888 elementor-widget elementor-widget-text-editor\" data-id=\"45ed888\" data-element_type=\"widget\" data-widget_type=\"text-editor.default\">\n\t\t\t\t<div class=\"elementor-widget-container\">\n\t\t\t\t\t\t\t\t\t<p>La mise en place d\u2019indicateurs de tonnage sur l\u2019ensemble des mati\u00e8res valoris\u00e9es<\/p>\t\t\t\t\t\t\t\t<\/div>\n\t\t\t\t<\/div>\n\t\t\t\t<\/div>\n\t\t\t\t<\/div>\n\t\t<div class=\"elementor-element elementor-element-717321ac e-con-full e-flex e-con e-child\" data-id=\"717321ac\" data-element_type=\"container\">\n\t\t\t\t<div class=\"elementor-element elementor-element-5d7f0a26 elementor-widget__width-initial elementor-widget-mobile__width-inherit elementor-widget elementor-widget-heading\" data-id=\"5d7f0a26\" data-element_type=\"widget\" data-widget_type=\"heading.default\">\n\t\t\t\t<div class=\"elementor-widget-container\">\n\t\t\t\t\t<h1 class=\"elementor-heading-title elementor-size-default\">2<\/h1>\t\t\t\t<\/div>\n\t\t\t\t<\/div>\n\t\t<div class=\"elementor-element elementor-element-44bcb6b8 e-con-full e-flex e-con e-child\" data-id=\"44bcb6b8\" data-element_type=\"container\">\n\t\t\t\t<div class=\"elementor-element elementor-element-7ec555e2 elementor-widget elementor-widget-spacer\" data-id=\"7ec555e2\" data-element_type=\"widget\" data-widget_type=\"spacer.default\">\n\t\t\t\t<div class=\"elementor-widget-container\">\n\t\t\t\t\t\t\t<div class=\"elementor-spacer\">\n\t\t\t<div class=\"elementor-spacer-inner\"><\/div>\n\t\t<\/div>\n\t\t\t\t\t\t<\/div>\n\t\t\t\t<\/div>\n\t\t\t\t<div class=\"elementor-element elementor-element-44eddb59 elementor-widget elementor-widget-heading\" data-id=\"44eddb59\" data-element_type=\"widget\" data-widget_type=\"heading.default\">\n\t\t\t\t<div class=\"elementor-widget-container\">\n\t\t\t\t\t<h3 class=\"elementor-heading-title elementor-size-default\">PARTENARIATS<\/h3>\t\t\t\t<\/div>\n\t\t\t\t<\/div>\n\t\t\t\t<div class=\"elementor-element elementor-element-12d42809 elementor-widget elementor-widget-text-editor\" data-id=\"12d42809\" data-element_type=\"widget\" data-widget_type=\"text-editor.default\">\n\t\t\t\t<div class=\"elementor-widget-container\">\n\t\t\t\t\t\t\t\t\t<p>La recherche de nouveaux partenaires sp\u00e9cialis\u00e9s en gestion durable des d\u00e9chets<\/p>\t\t\t\t\t\t\t\t<\/div>\n\t\t\t\t<\/div>\n\t\t\t\t<\/div>\n\t\t\t\t<\/div>\n\t\t<div class=\"elementor-element elementor-element-1fd16a7c e-con-full e-flex e-con e-child\" data-id=\"1fd16a7c\" data-element_type=\"container\">\n\t\t\t\t<div class=\"elementor-element elementor-element-117cf37f elementor-widget__width-initial elementor-widget-mobile__width-inherit elementor-widget elementor-widget-heading\" data-id=\"117cf37f\" data-element_type=\"widget\" data-widget_type=\"heading.default\">\n\t\t\t\t<div class=\"elementor-widget-container\">\n\t\t\t\t\t<h1 class=\"elementor-heading-title elementor-size-default\">3<\/h1>\t\t\t\t<\/div>\n\t\t\t\t<\/div>\n\t\t<div class=\"elementor-element elementor-element-418f5c96 e-con-full e-flex e-con e-child\" data-id=\"418f5c96\" data-element_type=\"container\">\n\t\t\t\t<div class=\"elementor-element elementor-element-4e0d6e7e elementor-widget elementor-widget-spacer\" data-id=\"4e0d6e7e\" data-element_type=\"widget\" data-widget_type=\"spacer.default\">\n\t\t\t\t<div class=\"elementor-widget-container\">\n\t\t\t\t\t\t\t<div class=\"elementor-spacer\">\n\t\t\t<div class=\"elementor-spacer-inner\"><\/div>\n\t\t<\/div>\n\t\t\t\t\t\t<\/div>\n\t\t\t\t<\/div>\n\t\t\t\t<div class=\"elementor-element elementor-element-69434456 elementor-widget elementor-widget-heading\" data-id=\"69434456\" data-element_type=\"widget\" data-widget_type=\"heading.default\">\n\t\t\t\t<div class=\"elementor-widget-container\">\n\t\t\t\t\t<h3 class=\"elementor-heading-title elementor-size-default\">AUDIT<\/h3>\t\t\t\t<\/div>\n\t\t\t\t<\/div>\n\t\t\t\t<div class=\"elementor-element elementor-element-4ac005b elementor-widget elementor-widget-text-editor\" data-id=\"4ac005b\" data-element_type=\"widget\" data-widget_type=\"text-editor.default\">\n\t\t\t\t<div class=\"elementor-widget-container\">\n\t\t\t\t\t\t\t\t\t<p>Le lancement d\u2019audits \u00ab z\u00e9ro d\u00e9chet \u00bb pour am\u00e9liorer nos processus<\/p>\t\t\t\t\t\t\t\t<\/div>\n\t\t\t\t<\/div>\n\t\t\t\t<\/div>\n\t\t\t\t<\/div>\n\t\t<div class=\"elementor-element elementor-element-7c01c6fa e-con-full e-flex e-con e-child\" data-id=\"7c01c6fa\" data-element_type=\"container\">\n\t\t\t\t<div class=\"elementor-element elementor-element-21882a46 elementor-widget__width-initial elementor-widget-mobile__width-inherit elementor-widget elementor-widget-heading\" data-id=\"21882a46\" data-element_type=\"widget\" data-widget_type=\"heading.default\">\n\t\t\t\t<div class=\"elementor-widget-container\">\n\t\t\t\t\t<h1 class=\"elementor-heading-title elementor-size-default\">4<\/h1>\t\t\t\t<\/div>\n\t\t\t\t<\/div>\n\t\t<div class=\"elementor-element elementor-element-2b1e590c e-con-full e-flex e-con e-child\" data-id=\"2b1e590c\" data-element_type=\"container\">\n\t\t\t\t<div class=\"elementor-element elementor-element-616d6f78 elementor-widget elementor-widget-spacer\" data-id=\"616d6f78\" data-element_type=\"widget\" data-widget_type=\"spacer.default\">\n\t\t\t\t<div class=\"elementor-widget-container\">\n\t\t\t\t\t\t\t<div class=\"elementor-spacer\">\n\t\t\t<div class=\"elementor-spacer-inner\"><\/div>\n\t\t<\/div>\n\t\t\t\t\t\t<\/div>\n\t\t\t\t<\/div>\n\t\t\t\t<div class=\"elementor-element elementor-element-21879e0c elementor-widget elementor-widget-heading\" data-id=\"21879e0c\" data-element_type=\"widget\" data-widget_type=\"heading.default\">\n\t\t\t\t<div class=\"elementor-widget-container\">\n\t\t\t\t\t<h3 class=\"elementor-heading-title elementor-size-default\">VALORISATION<\/h3>\t\t\t\t<\/div>\n\t\t\t\t<\/div>\n\t\t\t\t<div class=\"elementor-element elementor-element-3b564003 elementor-widget elementor-widget-text-editor\" data-id=\"3b564003\" data-element_type=\"widget\" data-widget_type=\"text-editor.default\">\n\t\t\t\t<div class=\"elementor-widget-container\">\n\t\t\t\t\t\t\t\t\t<p>L\u2019augmentation du taux global de valorisation de nos mati\u00e8res recyclables<\/p>\t\t\t\t\t\t\t\t<\/div>\n\t\t\t\t<\/div>\n\t\t\t\t<\/div>\n\t\t\t\t<\/div>\n\t\t\t\t<\/div>\n\t\t\t\t\t<\/div>\n\t\t\t\t<\/div>\n\t\t<div class=\"elementor-element elementor-element-46cbc5a5 e-flex e-con-boxed e-con e-parent\" data-id=\"46cbc5a5\" data-element_type=\"container\" data-settings=\"{&quot;background_background&quot;:&quot;classic&quot;}\">\n\t\t\t\t\t<div class=\"e-con-inner\">\n\t\t\t\t<div class=\"elementor-element elementor-element-1181eeaf elementor-widget elementor-widget-heading\" data-id=\"1181eeaf\" data-element_type=\"widget\" data-widget_type=\"heading.default\">\n\t\t\t\t<div class=\"elementor-widget-container\">\n\t\t\t\t\t<h2 class=\"elementor-heading-title elementor-size-default\">CHAQUE GESTE COMPTE.<\/h2>\t\t\t\t<\/div>\n\t\t\t\t<\/div>\n\t\t\t\t<div class=\"elementor-element elementor-element-6d5b9c21 elementor-widget elementor-widget-heading\" data-id=\"6d5b9c21\" data-element_type=\"widget\" data-widget_type=\"heading.default\">\n\t\t\t\t<div class=\"elementor-widget-container\">\n\t\t\t\t\t<h2 class=\"elementor-heading-title elementor-size-default\">ENSEMBLE, TRANSFORMONS NOS D\u00c9CHETS D\u2019AUJOURD\u2019HUI EN RESSOURCES DE DEMAIN.<\/h2>\t\t\t\t<\/div>\n\t\t\t\t<\/div>\n\t\t\t\t\t<\/div>\n\t\t\t\t<\/div>\n\t\t\t\t<\/div>\n\t\t","protected":false},"excerpt":{"rendered":"<p>D\u00c9CHETS section environnement Chez Leclerc, notre engagement envers l\u2019environnement se refl\u00e8te dans chaque geste, jusque dans la gestion de nos mati\u00e8res r\u00e9siduelles. En r\u00e9duisant, triant et valorisant nos d\u00e9chets, nous contribuons activement \u00e0 une \u00e9conomie circulaire plus durable et \u00e0 la pr\u00e9servation des ressources de notre plan\u00e8te. 100\u202f% DE NOS D\u00c9CHETS ALIMENTAIRES SONT D\u00c9TOURN\u00c9S DE [&hellip;]<\/p>\n","protected":false},"author":2,"featured_media":0,"parent":84,"menu_order":0,"comment_status":"closed","ping_status":"closed","template":"","meta":{"_acf_changed":false,"footnotes":""},"class_list":["post-69","page","type-page","status-publish","hentry"],"acf":[],"aioseo_notices":[],"mb":[],"mfb_rest_fields":["title","aioseo_notices","gutenberg_elementor_mode"],"_links":{"self":[{"href":"https:\/\/leclerc.ca\/wp-json\/wp\/v2\/pages\/69","targetHints":{"allow":["GET"]}}],"collection":[{"href":"https:\/\/leclerc.ca\/wp-json\/wp\/v2\/pages"}],"about":[{"href":"https:\/\/leclerc.ca\/wp-json\/wp\/v2\/types\/page"}],"author":[{"embeddable":true,"href":"https:\/\/leclerc.ca\/wp-json\/wp\/v2\/users\/2"}],"replies":[{"embeddable":true,"href":"https:\/\/leclerc.ca\/wp-json\/wp\/v2\/comments?post=69"}],"version-history":[{"count":53,"href":"https:\/\/leclerc.ca\/wp-json\/wp\/v2\/pages\/69\/revisions"}],"predecessor-version":[{"id":2299,"href":"https:\/\/leclerc.ca\/wp-json\/wp\/v2\/pages\/69\/revisions\/2299"}],"up":[{"embeddable":true,"href":"https:\/\/leclerc.ca\/wp-json\/wp\/v2\/pages\/84"}],"wp:attachment":[{"href":"https:\/\/leclerc.ca\/wp-json\/wp\/v2\/media?parent=69"}],"curies":[{"name":"wp","href":"https:\/\/api.w.org\/{rel}","templated":true}]}}