{"id":66,"date":"2025-05-30T08:58:25","date_gmt":"2025-05-30T12:58:25","guid":{"rendered":"https:\/\/leclercwebsite-f9excuezfmheenah.canadacentral-01.azurewebsites.net\/certifications-2\/"},"modified":"2025-06-13T10:38:52","modified_gmt":"2025-06-13T14:38:52","slug":"certifications","status":"publish","type":"page","link":"https:\/\/leclerc.ca\/fr\/entreprise-citoyenne\/environnement\/certifications\/","title":{"rendered":"Certifications"},"content":{"rendered":"\t\t<div data-elementor-type=\"wp-page\" data-elementor-id=\"66\" class=\"elementor elementor-66\">\n\t\t\t\t<div class=\"elementor-element elementor-element-311317b e-con-full header-container e-flex e-con e-parent\" data-id=\"311317b\" data-element_type=\"container\" data-settings=\"{&quot;background_background&quot;:&quot;classic&quot;}\">\n\t\t\t\t<div class=\"elementor-element elementor-element-2cc64e24 elementor-widget elementor-widget-heading\" data-id=\"2cc64e24\" data-element_type=\"widget\" data-widget_type=\"heading.default\">\n\t\t\t\t<div class=\"elementor-widget-container\">\n\t\t\t\t\t<h2 class=\"elementor-heading-title elementor-size-default\">CERTIFICATIONS<\/h2>\t\t\t\t<\/div>\n\t\t\t\t<\/div>\n\t\t\t\t<div class=\"elementor-element elementor-element-4c996522 elementor-align-left elementor-widget elementor-widget-button\" data-id=\"4c996522\" data-element_type=\"widget\" data-widget_type=\"button.default\">\n\t\t\t\t<div class=\"elementor-widget-container\">\n\t\t\t\t\t\t\t\t\t<div class=\"elementor-button-wrapper\">\n\t\t\t\t\t<a class=\"elementor-button elementor-button-link elementor-size-sm\" href=\"\/entreprise-citoyenne\/environnement\/\">\n\t\t\t\t\t\t<span class=\"elementor-button-content-wrapper\">\n\t\t\t\t\t\t<span class=\"elementor-button-icon\">\n\t\t\t\t<svg aria-hidden=\"true\" class=\"e-font-icon-svg e-fas-chevron-left\" viewBox=\"0 0 320 512\" xmlns=\"http:\/\/www.w3.org\/2000\/svg\"><path d=\"M34.52 239.03L228.87 44.69c9.37-9.37 24.57-9.37 33.94 0l22.67 22.67c9.36 9.36 9.37 24.52.04 33.9L131.49 256l154.02 154.75c9.34 9.38 9.32 24.54-.04 33.9l-22.67 22.67c-9.37 9.37-24.57 9.37-33.94 0L34.52 272.97c-9.37-9.37-9.37-24.57 0-33.94z\"><\/path><\/svg>\t\t\t<\/span>\n\t\t\t\t\t\t\t\t\t<span class=\"elementor-button-text\">section environnement<\/span>\n\t\t\t\t\t<\/span>\n\t\t\t\t\t<\/a>\n\t\t\t\t<\/div>\n\t\t\t\t\t\t\t\t<\/div>\n\t\t\t\t<\/div>\n\t\t\t\t<\/div>\n\t\t<div class=\"elementor-element elementor-element-26af7526 e-flex e-con-boxed e-con e-parent\" data-id=\"26af7526\" data-element_type=\"container\">\n\t\t\t\t\t<div class=\"e-con-inner\">\n\t\t\t\t<div class=\"elementor-element elementor-element-34089c6e elementor-widget elementor-widget-spacer\" data-id=\"34089c6e\" data-element_type=\"widget\" data-widget_type=\"spacer.default\">\n\t\t\t\t<div class=\"elementor-widget-container\">\n\t\t\t\t\t\t\t<div class=\"elementor-spacer\">\n\t\t\t<div class=\"elementor-spacer-inner\"><\/div>\n\t\t<\/div>\n\t\t\t\t\t\t<\/div>\n\t\t\t\t<\/div>\n\t\t\t\t<div class=\"elementor-element elementor-element-747a2f15 elementor-widget elementor-widget-text-editor\" data-id=\"747a2f15\" data-element_type=\"widget\" data-widget_type=\"text-editor.default\">\n\t\t\t\t<div class=\"elementor-widget-container\">\n\t\t\t\t\t\t\t\t\t<p>Chez Leclerc, la qualit\u00e9, la transparence et la confiance sont au c\u0153ur de notre d\u00e9marche. Nos certifications t\u00e9moignent de notre engagement rigoureux envers la s\u00e9curit\u00e9 alimentaire, la durabilit\u00e9, l\u2019inclusion et les standards les plus \u00e9lev\u00e9s de l\u2019industrie. Elles garantissent \u00e0 nos consommateurs des produits conformes, responsables et respectueux de leurs besoins et valeurs.<\/p>\t\t\t\t\t\t\t\t<\/div>\n\t\t\t\t<\/div>\n\t\t\t\t<div class=\"elementor-element elementor-element-1aa2fbcb elementor-widget elementor-widget-spacer\" data-id=\"1aa2fbcb\" data-element_type=\"widget\" data-widget_type=\"spacer.default\">\n\t\t\t\t<div class=\"elementor-widget-container\">\n\t\t\t\t\t\t\t<div class=\"elementor-spacer\">\n\t\t\t<div class=\"elementor-spacer-inner\"><\/div>\n\t\t<\/div>\n\t\t\t\t\t\t<\/div>\n\t\t\t\t<\/div>\n\t\t\t\t\t<\/div>\n\t\t\t\t<\/div>\n\t\t<div class=\"elementor-element elementor-element-49df8d84 e-flex e-con-boxed e-con e-parent\" data-id=\"49df8d84\" data-element_type=\"container\" data-settings=\"{&quot;background_background&quot;:&quot;classic&quot;}\">\n\t\t\t\t\t<div class=\"e-con-inner\">\n\t\t\t\t<div class=\"elementor-element elementor-element-7c2df248 elementor-widget elementor-widget-spacer\" data-id=\"7c2df248\" data-element_type=\"widget\" data-widget_type=\"spacer.default\">\n\t\t\t\t<div class=\"elementor-widget-container\">\n\t\t\t\t\t\t\t<div class=\"elementor-spacer\">\n\t\t\t<div class=\"elementor-spacer-inner\"><\/div>\n\t\t<\/div>\n\t\t\t\t\t\t<\/div>\n\t\t\t\t<\/div>\n\t\t\t\t<div class=\"elementor-element elementor-element-555b0fa0 elementor-widget elementor-widget-heading\" data-id=\"555b0fa0\" data-element_type=\"widget\" data-widget_type=\"heading.default\">\n\t\t\t\t<div class=\"elementor-widget-container\">\n\t\t\t\t\t<h2 class=\"elementor-heading-title elementor-size-default\">NOS CERTIFICATIONS *<\/h2>\t\t\t\t<\/div>\n\t\t\t\t<\/div>\n\t\t\t\t<div class=\"elementor-element elementor-element-25f02b7d elementor-widget elementor-widget-heading\" data-id=\"25f02b7d\" data-element_type=\"widget\" data-widget_type=\"heading.default\">\n\t\t\t\t<div class=\"elementor-widget-container\">\n\t\t\t\t\t<h2 class=\"elementor-heading-title elementor-size-default\">ENGAG\u00c9S ENVERS LA QUALIT\u00c9 ET LA TRANSPARENCE<\/h2>\t\t\t\t<\/div>\n\t\t\t\t<\/div>\n\t\t\t\t<div class=\"elementor-element elementor-element-f478e43 elementor-widget__width-inherit elementor-widget elementor-widget-text-editor\" data-id=\"f478e43\" data-element_type=\"widget\" data-widget_type=\"text-editor.default\">\n\t\t\t\t<div class=\"elementor-widget-container\">\n\t\t\t\t\t\t\t\t\t<em>* Les certifications pouvant varier en fonction du produit, nous vous invitons \u00e0 consulter l&#8217;emballage pour obtenir des informations pr\u00e9cises<\/em>.\t\t\t\t\t\t\t\t<\/div>\n\t\t\t\t<\/div>\n\t\t<div class=\"elementor-element elementor-element-2754a906 e-con-full e-flex e-con e-child\" data-id=\"2754a906\" data-element_type=\"container\" data-settings=\"{&quot;background_background&quot;:&quot;classic&quot;}\">\n\t\t\t\t<div class=\"elementor-element elementor-element-676f1622 elementor-position-left elementor-vertical-align-middle elementor-widget elementor-widget-image-box\" data-id=\"676f1622\" data-element_type=\"widget\" data-widget_type=\"image-box.default\">\n\t\t\t\t<div class=\"elementor-widget-container\">\n\t\t\t\t\t<div class=\"elementor-image-box-wrapper\"><figure class=\"elementor-image-box-img\"><img decoding=\"async\" width=\"217\" height=\"135\" src=\"\/wp-content\/uploads\/2025\/05\/certification-logo-1.png\" class=\"attachment-full size-full wp-image-258\" alt=\"\" \/><\/figure><div class=\"elementor-image-box-content\"><h3 class=\"elementor-image-box-title\">GFSI - BRCGS<\/h3><p class=\"elementor-image-box-description\">La GFSI (Global Food Safety Initiative) a \u00e9t\u00e9 cr\u00e9\u00e9e par les leaders de l\u2019industrie alimentaire pour r\u00e9duire les risques li\u00e9s \u00e0 la s\u00e9curit\u00e9 des aliments. Puisque GFSI n\u2019est pas un sch\u00e9ma en soi, Biscuits Leclerc Lt\u00e9e a choisi le BRCGS Global Standard for Food Safety comme sch\u00e9ma reconnu pour les audits tiers. Chaque usine Biscuits Leclerc Lt\u00e9e d\u00e9tient sa certification BRCGS, gage de S\u00e9curit\u00e9 Alimentaire.<\/p><\/div><\/div>\t\t\t\t<\/div>\n\t\t\t\t<\/div>\n\t\t\t\t<\/div>\n\t\t<div class=\"elementor-element elementor-element-6687262e e-con-full e-flex e-con e-child\" data-id=\"6687262e\" data-element_type=\"container\" data-settings=\"{&quot;background_background&quot;:&quot;classic&quot;}\">\n\t\t\t\t<div class=\"elementor-element elementor-element-26b8b1b4 elementor-position-left elementor-vertical-align-middle elementor-widget elementor-widget-image-box\" data-id=\"26b8b1b4\" data-element_type=\"widget\" data-widget_type=\"image-box.default\">\n\t\t\t\t<div class=\"elementor-widget-container\">\n\t\t\t\t\t<div class=\"elementor-image-box-wrapper\"><figure class=\"elementor-image-box-img\"><img decoding=\"async\" width=\"114\" height=\"305\" src=\"\/wp-content\/uploads\/2025\/05\/certification-logo-2.png\" class=\"attachment-full size-full wp-image-260\" alt=\"\" srcset=\"\/wp-content\/uploads\/2025\/05\/certification-logo-2.png 114w, \/wp-content\/uploads\/2025\/05\/certification-logo-2-112x300.png 112w\" sizes=\"(max-width: 114px) 100vw, 114px\" \/><\/figure><div class=\"elementor-image-box-content\"><h3 class=\"elementor-image-box-title\">BIOLOGIQUE (QAI) <\/h3><p class=\"elementor-image-box-description\">Certaines usines Leclerc sont certifi\u00e9es pour fabriquer des produits biologiques, garantissant que les aliments sont cultiv\u00e9s et transform\u00e9s sans engrais ni pesticides de synth\u00e8se, et respectent les normes biologiques sp\u00e9cifiques au pays de destination. QAI est l\u2019organisme de certification biologique choisi par Leclerc. <\/p><\/div><\/div>\t\t\t\t<\/div>\n\t\t\t\t<\/div>\n\t\t\t\t<\/div>\n\t\t<div class=\"elementor-element elementor-element-54278d19 e-con-full e-flex e-con e-child\" data-id=\"54278d19\" data-element_type=\"container\" data-settings=\"{&quot;background_background&quot;:&quot;classic&quot;}\">\n\t\t\t\t<div class=\"elementor-element elementor-element-1462144a elementor-position-left elementor-vertical-align-middle elementor-widget elementor-widget-image-box\" data-id=\"1462144a\" data-element_type=\"widget\" data-widget_type=\"image-box.default\">\n\t\t\t\t<div class=\"elementor-widget-container\">\n\t\t\t\t\t<div class=\"elementor-image-box-wrapper\"><figure class=\"elementor-image-box-img\"><img decoding=\"async\" width=\"129\" height=\"129\" src=\"\/wp-content\/uploads\/2025\/05\/certification-logo-3.png\" class=\"attachment-full size-full wp-image-262\" alt=\"\" \/><\/figure><div class=\"elementor-image-box-content\"><h3 class=\"elementor-image-box-title\">SANS ARACHIDES<\/h3><p class=\"elementor-image-box-description\">Leclerc offre des produits sans arachides gr\u00e2ce \u00e0 un Programme rigoureux de contr\u00f4le dans certaines usines. Ce Programme est contr\u00f4l\u00e9 annuellement via les audits BRCGS. Le logo ci-joint est le logo propre \u00e0 Leclerc.<\/p><\/div><\/div>\t\t\t\t<\/div>\n\t\t\t\t<\/div>\n\t\t\t\t<\/div>\n\t\t<div class=\"elementor-element elementor-element-75c81136 e-con-full e-flex e-con e-child\" data-id=\"75c81136\" data-element_type=\"container\" data-settings=\"{&quot;background_background&quot;:&quot;classic&quot;}\">\n\t\t\t\t<div class=\"elementor-element elementor-element-550f291d elementor-position-left elementor-vertical-align-middle elementor-widget elementor-widget-image-box\" data-id=\"550f291d\" data-element_type=\"widget\" data-widget_type=\"image-box.default\">\n\t\t\t\t<div class=\"elementor-widget-container\">\n\t\t\t\t\t<div class=\"elementor-image-box-wrapper\"><figure class=\"elementor-image-box-img\"><img loading=\"lazy\" decoding=\"async\" width=\"119\" height=\"242\" src=\"\/wp-content\/uploads\/2025\/05\/certification-logo-4.png\" class=\"attachment-full size-full wp-image-264\" alt=\"\" \/><\/figure><div class=\"elementor-image-box-content\"><h3 class=\"elementor-image-box-title\">BRCGS SANS GLUTEN<\/h3><p class=\"elementor-image-box-description\">Certaines usines Leclerc sont certifi\u00e9es pour fabriquer des produits Sans Gluten. Le Standard Global BRCGS sans gluten garantit que le produit contient moins de 20 ppm de gluten tel que requis par les lois en vigueur. La marque de commerce est sp\u00e9cifique au pays de destination.<\/p><\/div><\/div>\t\t\t\t<\/div>\n\t\t\t\t<\/div>\n\t\t\t\t<\/div>\n\t\t<div class=\"elementor-element elementor-element-2791a71a e-con-full e-flex e-con e-child\" data-id=\"2791a71a\" data-element_type=\"container\" data-settings=\"{&quot;background_background&quot;:&quot;classic&quot;}\">\n\t\t\t\t<div class=\"elementor-element elementor-element-79ea73ef elementor-position-left elementor-vertical-align-middle elementor-widget elementor-widget-image-box\" data-id=\"79ea73ef\" data-element_type=\"widget\" data-widget_type=\"image-box.default\">\n\t\t\t\t<div class=\"elementor-widget-container\">\n\t\t\t\t\t<div class=\"elementor-image-box-wrapper\"><figure class=\"elementor-image-box-img\"><img loading=\"lazy\" decoding=\"async\" width=\"130\" height=\"131\" src=\"\/wp-content\/uploads\/2025\/05\/certification-logo-5.png\" class=\"attachment-full size-full wp-image-252\" alt=\"\" \/><\/figure><div class=\"elementor-image-box-content\"><h3 class=\"elementor-image-box-title\">HUILE DE PALME DURABLE<\/h3><p class=\"elementor-image-box-description\">Leclerc d\u00e9tient la certification RSPO MB (Roundtable on Sustainable Palm Oil \u2013 Mass Balance) qui garantit que l\u2019huile de palme utilis\u00e9e dans nos produits est produite de mani\u00e8re transparente, respectueuse des lois, \u00e9conomiquement viable, en utilisant les bonnes pratiques de l\u2019industrie, en assumant des responsabilit\u00e9s environnementales et sociales.<\/p><\/div><\/div>\t\t\t\t<\/div>\n\t\t\t\t<\/div>\n\t\t\t\t<div class=\"elementor-element elementor-element-11c14ae elementor-align-left elementor-widget elementor-widget-button\" data-id=\"11c14ae\" data-element_type=\"widget\" data-widget_type=\"button.default\">\n\t\t\t\t<div class=\"elementor-widget-container\">\n\t\t\t\t\t\t\t\t\t<div class=\"elementor-button-wrapper\">\n\t\t\t\t\t<a class=\"elementor-button elementor-button-link elementor-size-sm\" href=\"https:\/\/rspo.org\/fr\/members\/4-0586-15-000-00\/\" target=\"_blank\">\n\t\t\t\t\t\t<span class=\"elementor-button-content-wrapper\">\n\t\t\t\t\t\t\t\t\t<span class=\"elementor-button-text\">Voir nos progr\u00e8s<\/span>\n\t\t\t\t\t<\/span>\n\t\t\t\t\t<\/a>\n\t\t\t\t<\/div>\n\t\t\t\t\t\t\t\t<\/div>\n\t\t\t\t<\/div>\n\t\t\t\t<div class=\"elementor-element elementor-element-a12a48f elementor-absolute huile-palme-enterprise-id elementor-widget elementor-widget-heading\" data-id=\"a12a48f\" data-element_type=\"widget\" data-settings=\"{&quot;_position&quot;:&quot;absolute&quot;}\" data-widget_type=\"heading.default\">\n\t\t\t\t<div class=\"elementor-widget-container\">\n\t\t\t\t\t<h2 class=\"elementor-heading-title elementor-size-default\">4-0586-15-100-00<\/h2>\t\t\t\t<\/div>\n\t\t\t\t<\/div>\n\t\t\t\t<\/div>\n\t\t<div class=\"elementor-element elementor-element-68a1fd14 e-con-full e-flex e-con e-child\" data-id=\"68a1fd14\" data-element_type=\"container\" data-settings=\"{&quot;background_background&quot;:&quot;classic&quot;}\">\n\t\t\t\t<div class=\"elementor-element elementor-element-29e79136 elementor-position-left elementor-vertical-align-middle elementor-widget elementor-widget-image-box\" data-id=\"29e79136\" data-element_type=\"widget\" data-widget_type=\"image-box.default\">\n\t\t\t\t<div class=\"elementor-widget-container\">\n\t\t\t\t\t<div class=\"elementor-image-box-wrapper\"><figure class=\"elementor-image-box-img\"><img loading=\"lazy\" decoding=\"async\" width=\"190\" height=\"142\" src=\"\/wp-content\/uploads\/2025\/05\/certification-logo-6.png\" class=\"attachment-full size-full wp-image-254\" alt=\"\" \/><\/figure><div class=\"elementor-image-box-content\"><h3 class=\"elementor-image-box-title\">CACAO DURABLE<\/h3><p class=\"elementor-image-box-description\">Leclerc fait partie de la Rainforest Alliance qui soutient la production durable d\u2019ingr\u00e9dients pour certains produits contenant des d\u00e9riv\u00e9s de cacao. S\u2019approvisionner en cacao certifi\u00e9, pr\u00e9server l\u2019int\u00e9grit\u00e9, assurer la tra\u00e7abilit\u00e9, tenir des registres conformes et faire approuver les emballages des produits finis sont des \u00e9tapes cl\u00e9s de notre d\u00e9marche vers le d\u00e9veloppement durable.\n<\/p><\/div><\/div>\t\t\t\t<\/div>\n\t\t\t\t<\/div>\n\t\t\t\t<div class=\"elementor-element elementor-element-fa6f40d elementor-align-left elementor-widget elementor-widget-button\" data-id=\"fa6f40d\" data-element_type=\"widget\" data-widget_type=\"button.default\">\n\t\t\t\t<div class=\"elementor-widget-container\">\n\t\t\t\t\t\t\t\t\t<div class=\"elementor-button-wrapper\">\n\t\t\t\t\t<a class=\"elementor-button elementor-button-link elementor-size-sm\" href=\"https:\/\/www.rainforest-alliance.org\/fr\/\" target=\"_blank\">\n\t\t\t\t\t\t<span class=\"elementor-button-content-wrapper\">\n\t\t\t\t\t\t\t\t\t<span class=\"elementor-button-text\">ra.org\/seal<\/span>\n\t\t\t\t\t<\/span>\n\t\t\t\t\t<\/a>\n\t\t\t\t<\/div>\n\t\t\t\t\t\t\t\t<\/div>\n\t\t\t\t<\/div>\n\t\t\t\t<\/div>\n\t\t<div class=\"elementor-element elementor-element-2d3d929a e-con-full e-flex e-con e-child\" data-id=\"2d3d929a\" data-element_type=\"container\" data-settings=\"{&quot;background_background&quot;:&quot;classic&quot;}\">\n\t\t\t\t<div class=\"elementor-element elementor-element-efd51a2 elementor-position-left elementor-vertical-align-middle elementor-position-top elementor-position-left elementor-vertical-align-middle elementor-widget elementor-widget-image-box\" data-id=\"efd51a2\" data-element_type=\"widget\" data-widget_type=\"image-box.default\">\n\t\t\t\t<div class=\"elementor-widget-container\">\n\t\t\t\t\t<div class=\"elementor-image-box-wrapper\"><figure class=\"elementor-image-box-img\"><img loading=\"lazy\" decoding=\"async\" width=\"158\" height=\"105\" src=\"\/wp-content\/uploads\/2025\/05\/certification-logo-7.png\" class=\"attachment-full size-full wp-image-256\" alt=\"\" \/><\/figure><div class=\"elementor-image-box-content\"><h3 class=\"elementor-image-box-title\">kasher<\/h3><p class=\"elementor-image-box-description\">Leclerc offre certains produits certifi\u00e9s Kasher. La certification Kasher garantit que les aliments respectent la loi juive. Nos produits sont certifi\u00e9s par OK Kosher, avec une supervision r\u00e9guli\u00e8re par un rabbin et une inspection annuelle d\u00e9taill\u00e9e. Le D sur le logo indique que les produits sont de cat\u00e9gorie Dairy (produits laitiers). <\/p><\/div><\/div>\t\t\t\t<\/div>\n\t\t\t\t<\/div>\n\t\t\t\t<\/div>\n\t\t\t\t<div class=\"elementor-element elementor-element-12dae286 elementor-widget elementor-widget-spacer\" data-id=\"12dae286\" data-element_type=\"widget\" data-widget_type=\"spacer.default\">\n\t\t\t\t<div class=\"elementor-widget-container\">\n\t\t\t\t\t\t\t<div class=\"elementor-spacer\">\n\t\t\t<div class=\"elementor-spacer-inner\"><\/div>\n\t\t<\/div>\n\t\t\t\t\t\t<\/div>\n\t\t\t\t<\/div>\n\t\t\t\t\t<\/div>\n\t\t\t\t<\/div>\n\t\t<div class=\"elementor-element elementor-element-724d245b e-flex e-con-boxed e-con e-parent\" data-id=\"724d245b\" data-element_type=\"container\">\n\t\t\t\t\t<div class=\"e-con-inner\">\n\t\t\t\t<div class=\"elementor-element elementor-element-30d6326b elementor-widget elementor-widget-heading\" data-id=\"30d6326b\" data-element_type=\"widget\" data-widget_type=\"heading.default\">\n\t\t\t\t<div class=\"elementor-widget-container\">\n\t\t\t\t\t<h2 class=\"elementor-heading-title elementor-size-default\">LECLERC, C\u2019EST DES CHOIX CERTIFI\u00c9S, POUR UN MONDE PLUS S\u00dbR, PLUS SAIN ET PLUS RESPONSABLE.<\/h2>\t\t\t\t<\/div>\n\t\t\t\t<\/div>\n\t\t\t\t\t<\/div>\n\t\t\t\t<\/div>\n\t\t\t\t<\/div>\n\t\t","protected":false},"excerpt":{"rendered":"<p>CERTIFICATIONS section environnement Chez Leclerc, la qualit\u00e9, la transparence et la confiance sont au c\u0153ur de notre d\u00e9marche. Nos certifications t\u00e9moignent de notre engagement rigoureux envers la s\u00e9curit\u00e9 alimentaire, la durabilit\u00e9, l\u2019inclusion et les standards les plus \u00e9lev\u00e9s de l\u2019industrie. Elles garantissent \u00e0 nos consommateurs des produits conformes, responsables et respectueux de leurs besoins et [&hellip;]<\/p>\n","protected":false},"author":2,"featured_media":0,"parent":84,"menu_order":0,"comment_status":"closed","ping_status":"closed","template":"","meta":{"_acf_changed":false,"footnotes":""},"class_list":["post-66","page","type-page","status-publish","hentry"],"acf":[],"aioseo_notices":[],"mb":[],"mfb_rest_fields":["title","aioseo_notices","gutenberg_elementor_mode"],"_links":{"self":[{"href":"https:\/\/leclerc.ca\/wp-json\/wp\/v2\/pages\/66","targetHints":{"allow":["GET"]}}],"collection":[{"href":"https:\/\/leclerc.ca\/wp-json\/wp\/v2\/pages"}],"about":[{"href":"https:\/\/leclerc.ca\/wp-json\/wp\/v2\/types\/page"}],"author":[{"embeddable":true,"href":"https:\/\/leclerc.ca\/wp-json\/wp\/v2\/users\/2"}],"replies":[{"embeddable":true,"href":"https:\/\/leclerc.ca\/wp-json\/wp\/v2\/comments?post=66"}],"version-history":[{"count":102,"href":"https:\/\/leclerc.ca\/wp-json\/wp\/v2\/pages\/66\/revisions"}],"predecessor-version":[{"id":2302,"href":"https:\/\/leclerc.ca\/wp-json\/wp\/v2\/pages\/66\/revisions\/2302"}],"up":[{"embeddable":true,"href":"https:\/\/leclerc.ca\/wp-json\/wp\/v2\/pages\/84"}],"wp:attachment":[{"href":"https:\/\/leclerc.ca\/wp-json\/wp\/v2\/media?parent=66"}],"curies":[{"name":"wp","href":"https:\/\/api.w.org\/{rel}","templated":true}]}}