{"id":63,"date":"2025-05-30T08:58:24","date_gmt":"2025-05-30T12:58:24","guid":{"rendered":"https:\/\/leclercwebsite-f9excuezfmheenah.canadacentral-01.azurewebsites.net\/achats-durables-et-rsponsables-2\/"},"modified":"2025-06-13T10:44:36","modified_gmt":"2025-06-13T14:44:36","slug":"achats-durables","status":"publish","type":"page","link":"https:\/\/leclerc.ca\/fr\/entreprise-citoyenne\/environnement\/achats-durables\/","title":{"rendered":"Achats durables et responsables"},"content":{"rendered":"\t\t<div data-elementor-type=\"wp-page\" data-elementor-id=\"63\" class=\"elementor elementor-63\">\n\t\t\t\t<div class=\"elementor-element elementor-element-4f0465de e-con-full header-container e-flex e-con e-parent\" data-id=\"4f0465de\" data-element_type=\"container\" data-settings=\"{&quot;background_background&quot;:&quot;classic&quot;}\">\n\t\t\t\t<div class=\"elementor-element elementor-element-5bd2fd5a elementor-widget elementor-widget-heading\" data-id=\"5bd2fd5a\" data-element_type=\"widget\" data-widget_type=\"heading.default\">\n\t\t\t\t<div class=\"elementor-widget-container\">\n\t\t\t\t\t<h2 class=\"elementor-heading-title elementor-size-default\">ACHATS DURABLES<br> ET RESPONSABLES<\/h2>\t\t\t\t<\/div>\n\t\t\t\t<\/div>\n\t\t\t\t<div class=\"elementor-element elementor-element-32abfb3e elementor-align-left elementor-widget elementor-widget-button\" data-id=\"32abfb3e\" data-element_type=\"widget\" data-widget_type=\"button.default\">\n\t\t\t\t<div class=\"elementor-widget-container\">\n\t\t\t\t\t\t\t\t\t<div class=\"elementor-button-wrapper\">\n\t\t\t\t\t<a class=\"elementor-button elementor-button-link elementor-size-sm\" href=\"\/entreprise-citoyenne\/environnement\/\">\n\t\t\t\t\t\t<span class=\"elementor-button-content-wrapper\">\n\t\t\t\t\t\t<span class=\"elementor-button-icon\">\n\t\t\t\t<svg aria-hidden=\"true\" class=\"e-font-icon-svg e-fas-chevron-left\" viewBox=\"0 0 320 512\" xmlns=\"http:\/\/www.w3.org\/2000\/svg\"><path d=\"M34.52 239.03L228.87 44.69c9.37-9.37 24.57-9.37 33.94 0l22.67 22.67c9.36 9.36 9.37 24.52.04 33.9L131.49 256l154.02 154.75c9.34 9.38 9.32 24.54-.04 33.9l-22.67 22.67c-9.37 9.37-24.57 9.37-33.94 0L34.52 272.97c-9.37-9.37-9.37-24.57 0-33.94z\"><\/path><\/svg>\t\t\t<\/span>\n\t\t\t\t\t\t\t\t\t<span class=\"elementor-button-text\">section environnement<\/span>\n\t\t\t\t\t<\/span>\n\t\t\t\t\t<\/a>\n\t\t\t\t<\/div>\n\t\t\t\t\t\t\t\t<\/div>\n\t\t\t\t<\/div>\n\t\t\t\t<\/div>\n\t\t<div class=\"elementor-element elementor-element-4bec7bdc e-flex e-con-boxed e-con e-parent\" data-id=\"4bec7bdc\" data-element_type=\"container\">\n\t\t\t\t\t<div class=\"e-con-inner\">\n\t\t\t\t<div class=\"elementor-element elementor-element-3469a0ea elementor-widget elementor-widget-spacer\" data-id=\"3469a0ea\" data-element_type=\"widget\" data-widget_type=\"spacer.default\">\n\t\t\t\t<div class=\"elementor-widget-container\">\n\t\t\t\t\t\t\t<div class=\"elementor-spacer\">\n\t\t\t<div class=\"elementor-spacer-inner\"><\/div>\n\t\t<\/div>\n\t\t\t\t\t\t<\/div>\n\t\t\t\t<\/div>\n\t\t\t\t<div class=\"elementor-element elementor-element-647aa834 elementor-widget elementor-widget-text-editor\" data-id=\"647aa834\" data-element_type=\"widget\" data-widget_type=\"text-editor.default\">\n\t\t\t\t<div class=\"elementor-widget-container\">\n\t\t\t\t\t\t\t\t\t<p>Chez Leclerc, nous croyons que chaque choix d\u2019approvisionnement a un impact. C\u2019est pourquoi nous int\u00e9grons des pratiques d\u2019achat \u00e9thiques et responsables dans toute notre cha\u00eene de valeur. En favorisant la durabilit\u00e9, la transparence et la tra\u00e7abilit\u00e9, nous contribuons \u00e0 un mod\u00e8le alimentaire plus respectueux de l\u2019environnement et des droits humains.<\/p>\t\t\t\t\t\t\t\t<\/div>\n\t\t\t\t<\/div>\n\t\t\t\t<div class=\"elementor-element elementor-element-2aad831d elementor-widget-divider--view-line elementor-widget elementor-widget-divider\" data-id=\"2aad831d\" data-element_type=\"widget\" data-widget_type=\"divider.default\">\n\t\t\t\t<div class=\"elementor-widget-container\">\n\t\t\t\t\t\t\t<div class=\"elementor-divider\">\n\t\t\t<span class=\"elementor-divider-separator\">\n\t\t\t\t\t\t<\/span>\n\t\t<\/div>\n\t\t\t\t\t\t<\/div>\n\t\t\t\t<\/div>\n\t\t\t\t\t<\/div>\n\t\t\t\t<\/div>\n\t\t<div class=\"elementor-element elementor-element-742c1a1e e-flex e-con-boxed e-con e-parent\" data-id=\"742c1a1e\" data-element_type=\"container\">\n\t\t\t\t\t<div class=\"e-con-inner\">\n\t\t\t\t<div class=\"elementor-element elementor-element-32e5553e elementor-widget elementor-widget-heading\" data-id=\"32e5553e\" data-element_type=\"widget\" data-widget_type=\"heading.default\">\n\t\t\t\t<div class=\"elementor-widget-container\">\n\t\t\t\t\t<h2 class=\"elementor-heading-title elementor-size-default\">plan d'action<\/h2>\t\t\t\t<\/div>\n\t\t\t\t<\/div>\n\t\t\t\t<div class=\"elementor-element elementor-element-ed6b0c6 elementor-widget elementor-widget-heading\" data-id=\"ed6b0c6\" data-element_type=\"widget\" data-widget_type=\"heading.default\">\n\t\t\t\t<div class=\"elementor-widget-container\">\n\t\t\t\t\t<h2 class=\"elementor-heading-title elementor-size-default\">3 \u00c9TAPES CL\u00c9S<\/h2>\t\t\t\t<\/div>\n\t\t\t\t<\/div>\n\t\t\t\t<div class=\"elementor-element elementor-element-2a89d011 elementor-widget elementor-widget-spacer\" data-id=\"2a89d011\" data-element_type=\"widget\" data-widget_type=\"spacer.default\">\n\t\t\t\t<div class=\"elementor-widget-container\">\n\t\t\t\t\t\t\t<div class=\"elementor-spacer\">\n\t\t\t<div class=\"elementor-spacer-inner\"><\/div>\n\t\t<\/div>\n\t\t\t\t\t\t<\/div>\n\t\t\t\t<\/div>\n\t\t<div class=\"elementor-element elementor-element-577f0be5 e-con-full e-flex e-con e-child\" data-id=\"577f0be5\" data-element_type=\"container\">\n\t\t\t\t<div class=\"elementor-element elementor-element-51bfa443 elementor-position-top elementor-position-top elementor-widget elementor-widget-image-box\" data-id=\"51bfa443\" data-element_type=\"widget\" data-widget_type=\"image-box.default\">\n\t\t\t\t<div class=\"elementor-widget-container\">\n\t\t\t\t\t<div class=\"elementor-image-box-wrapper\"><figure class=\"elementor-image-box-img\"><img decoding=\"async\" src=\"\/wp-content\/uploads\/2025\/05\/achats-icon-1.svg\" class=\"attachment-full size-full wp-image-272\" alt=\"\" \/><\/figure><div class=\"elementor-image-box-content\"><h3 class=\"elementor-image-box-title\">D\u00c9FINITION DES OBJECTIFS<\/h3><p class=\"elementor-image-box-description\">Mise en place d\u2019initiatives concr\u00e8tes pour r\u00e9duire les impacts sociaux et environnementaux \u00e0 chaque maillon de la cha\u00eene d\u2019approvisionnement.<\/p><\/div><\/div>\t\t\t\t<\/div>\n\t\t\t\t<\/div>\n\t\t\t\t<div class=\"elementor-element elementor-element-29005c80 elementor-position-top elementor-position-top elementor-widget elementor-widget-image-box\" data-id=\"29005c80\" data-element_type=\"widget\" data-widget_type=\"image-box.default\">\n\t\t\t\t<div class=\"elementor-widget-container\">\n\t\t\t\t\t<div class=\"elementor-image-box-wrapper\"><figure class=\"elementor-image-box-img\"><img decoding=\"async\" src=\"\/wp-content\/uploads\/2025\/05\/achats-icon-2.svg\" class=\"attachment-full size-full wp-image-273\" alt=\"\" \/><\/figure><div class=\"elementor-image-box-content\"><h3 class=\"elementor-image-box-title\">CR\u00c9ATION D\u2019UN CODE DE CONDUITE<\/h3><p class=\"elementor-image-box-description\">\u00c9laboration de standards clairs pour garantir que nos fournisseurs respectent les droits humains fondamentaux et des conditions de travail \u00e9quitables.<\/p><\/div><\/div>\t\t\t\t<\/div>\n\t\t\t\t<\/div>\n\t\t\t\t<div class=\"elementor-element elementor-element-401fc6d1 elementor-position-top elementor-position-top elementor-widget elementor-widget-image-box\" data-id=\"401fc6d1\" data-element_type=\"widget\" data-widget_type=\"image-box.default\">\n\t\t\t\t<div class=\"elementor-widget-container\">\n\t\t\t\t\t<div class=\"elementor-image-box-wrapper\"><figure class=\"elementor-image-box-img\"><img decoding=\"async\" src=\"\/wp-content\/uploads\/2025\/05\/achats-icon-3.svg\" class=\"attachment-full size-full wp-image-274\" alt=\"\" \/><\/figure><div class=\"elementor-image-box-content\"><h3 class=\"elementor-image-box-title\">\u00c9LABORATION D\u2019UNE POLITIQUE D\u2019ACHATS<\/h3><p class=\"elementor-image-box-description\">Priorisation de l\u2019agriculture durable, de mat\u00e9riaux \u00e0 faible impact, de partenaires locaux, de la conformit\u00e9 r\u00e9glementaire et de l\u2019am\u00e9lioration continue.<\/p><\/div><\/div>\t\t\t\t<\/div>\n\t\t\t\t<\/div>\n\t\t\t\t<\/div>\n\t\t\t\t<div class=\"elementor-element elementor-element-16f3d3b6 elementor-widget elementor-widget-spacer\" data-id=\"16f3d3b6\" data-element_type=\"widget\" data-widget_type=\"spacer.default\">\n\t\t\t\t<div class=\"elementor-widget-container\">\n\t\t\t\t\t\t\t<div class=\"elementor-spacer\">\n\t\t\t<div class=\"elementor-spacer-inner\"><\/div>\n\t\t<\/div>\n\t\t\t\t\t\t<\/div>\n\t\t\t\t<\/div>\n\t\t\t\t\t<\/div>\n\t\t\t\t<\/div>\n\t\t<div class=\"elementor-element elementor-element-2fcaf93c e-flex e-con-boxed e-con e-parent\" data-id=\"2fcaf93c\" data-element_type=\"container\" data-settings=\"{&quot;background_background&quot;:&quot;classic&quot;}\">\n\t\t\t\t\t<div class=\"e-con-inner\">\n\t\t\t\t<div class=\"elementor-element elementor-element-1a020c08 elementor-widget elementor-widget-heading\" data-id=\"1a020c08\" data-element_type=\"widget\" data-widget_type=\"heading.default\">\n\t\t\t\t<div class=\"elementor-widget-container\">\n\t\t\t\t\t<h3 class=\"elementor-heading-title elementor-size-default\">CE QUE \u00c7A CHANGE CONCR\u00c8TEMENT<\/h3>\t\t\t\t<\/div>\n\t\t\t\t<\/div>\n\t\t\t\t<div class=\"elementor-element elementor-element-211c8887 elementor-widget elementor-widget-text-editor\" data-id=\"211c8887\" data-element_type=\"widget\" data-widget_type=\"text-editor.default\">\n\t\t\t\t<div class=\"elementor-widget-container\">\n\t\t\t\t\t\t\t\t\t<p>Gr\u00e2ce \u00e0 cette approche rigoureuse, nous contribuons activement \u00e0 la lutte contre la d\u00e9forestation, le travail forc\u00e9 et le travail d\u2019enfants, r\u00e9duisons notre empreinte environnementale et soutenons des communaut\u00e9s locales. Nos d\u00e9cisions d\u2019achat deviennent ainsi des leviers puissants pour une \u00e9conomie plus juste et durable.<\/p>\t\t\t\t\t\t\t\t<\/div>\n\t\t\t\t<\/div>\n\t\t\t\t\t<\/div>\n\t\t\t\t<\/div>\n\t\t<div class=\"elementor-element elementor-element-68b1a547 e-flex e-con-boxed e-con e-parent\" data-id=\"68b1a547\" data-element_type=\"container\">\n\t\t\t\t\t<div class=\"e-con-inner\">\n\t\t\t\t<div class=\"elementor-element elementor-element-419a9234 elementor-widget elementor-widget-heading\" data-id=\"419a9234\" data-element_type=\"widget\" data-widget_type=\"heading.default\">\n\t\t\t\t<div class=\"elementor-widget-container\">\n\t\t\t\t\t<h2 class=\"elementor-heading-title elementor-size-default\">ACHETER AUTREMENT, C\u2019EST S\u2019ASSURER DE CHANGER LE MONDE CONCR\u00c8TEMENT AU QUOTIDIEN.<\/h2>\t\t\t\t<\/div>\n\t\t\t\t<\/div>\n\t\t\t\t\t<\/div>\n\t\t\t\t<\/div>\n\t\t\t\t<\/div>\n\t\t","protected":false},"excerpt":{"rendered":"<p>ACHATS DURABLES ET RESPONSABLES section environnement Chez Leclerc, nous croyons que chaque choix d\u2019approvisionnement a un impact. C\u2019est pourquoi nous int\u00e9grons des pratiques d\u2019achat \u00e9thiques et responsables dans toute notre cha\u00eene de valeur. En favorisant la durabilit\u00e9, la transparence et la tra\u00e7abilit\u00e9, nous contribuons \u00e0 un mod\u00e8le alimentaire plus respectueux de l\u2019environnement et des droits [&hellip;]<\/p>\n","protected":false},"author":2,"featured_media":0,"parent":84,"menu_order":0,"comment_status":"closed","ping_status":"closed","template":"","meta":{"_acf_changed":false,"footnotes":""},"class_list":["post-63","page","type-page","status-publish","hentry"],"acf":[],"aioseo_notices":[],"mb":[],"mfb_rest_fields":["title","aioseo_notices","gutenberg_elementor_mode"],"_links":{"self":[{"href":"https:\/\/leclerc.ca\/wp-json\/wp\/v2\/pages\/63","targetHints":{"allow":["GET"]}}],"collection":[{"href":"https:\/\/leclerc.ca\/wp-json\/wp\/v2\/pages"}],"about":[{"href":"https:\/\/leclerc.ca\/wp-json\/wp\/v2\/types\/page"}],"author":[{"embeddable":true,"href":"https:\/\/leclerc.ca\/wp-json\/wp\/v2\/users\/2"}],"replies":[{"embeddable":true,"href":"https:\/\/leclerc.ca\/wp-json\/wp\/v2\/comments?post=63"}],"version-history":[{"count":55,"href":"https:\/\/leclerc.ca\/wp-json\/wp\/v2\/pages\/63\/revisions"}],"predecessor-version":[{"id":2314,"href":"https:\/\/leclerc.ca\/wp-json\/wp\/v2\/pages\/63\/revisions\/2314"}],"up":[{"embeddable":true,"href":"https:\/\/leclerc.ca\/wp-json\/wp\/v2\/pages\/84"}],"wp:attachment":[{"href":"https:\/\/leclerc.ca\/wp-json\/wp\/v2\/media?parent=63"}],"curies":[{"name":"wp","href":"https:\/\/api.w.org\/{rel}","templated":true}]}}