{"id":60,"date":"2025-05-30T08:58:24","date_gmt":"2025-05-30T12:58:24","guid":{"rendered":"https:\/\/leclercwebsite-f9excuezfmheenah.canadacentral-01.azurewebsites.net\/nos-gens-2\/"},"modified":"2025-06-13T10:47:21","modified_gmt":"2025-06-13T14:47:21","slug":"nos-gens","status":"publish","type":"page","link":"https:\/\/leclerc.ca\/fr\/entreprise-citoyenne\/social\/nos-gens\/","title":{"rendered":"Nos Gens"},"content":{"rendered":"\t\t<div data-elementor-type=\"wp-page\" data-elementor-id=\"60\" class=\"elementor elementor-60\">\n\t\t\t\t<div class=\"elementor-element elementor-element-2512ba84 e-con-full header-container e-flex e-con e-parent\" data-id=\"2512ba84\" data-element_type=\"container\" data-settings=\"{&quot;background_background&quot;:&quot;classic&quot;}\">\n\t\t\t\t<div class=\"elementor-element elementor-element-4c4fee3b elementor-widget elementor-widget-heading\" data-id=\"4c4fee3b\" data-element_type=\"widget\" data-widget_type=\"heading.default\">\n\t\t\t\t<div class=\"elementor-widget-container\">\n\t\t\t\t\t<h2 class=\"elementor-heading-title elementor-size-default\">nos gens<\/h2>\t\t\t\t<\/div>\n\t\t\t\t<\/div>\n\t\t\t\t<div class=\"elementor-element elementor-element-7dbfb217 elementor-align-left elementor-widget elementor-widget-button\" data-id=\"7dbfb217\" data-element_type=\"widget\" data-widget_type=\"button.default\">\n\t\t\t\t<div class=\"elementor-widget-container\">\n\t\t\t\t\t\t\t\t\t<div class=\"elementor-button-wrapper\">\n\t\t\t\t\t<a class=\"elementor-button elementor-button-link elementor-size-sm\" href=\"\/entreprise-citoyenne\/social\/\">\n\t\t\t\t\t\t<span class=\"elementor-button-content-wrapper\">\n\t\t\t\t\t\t<span class=\"elementor-button-icon\">\n\t\t\t\t<svg aria-hidden=\"true\" class=\"e-font-icon-svg e-fas-chevron-left\" viewBox=\"0 0 320 512\" xmlns=\"http:\/\/www.w3.org\/2000\/svg\"><path d=\"M34.52 239.03L228.87 44.69c9.37-9.37 24.57-9.37 33.94 0l22.67 22.67c9.36 9.36 9.37 24.52.04 33.9L131.49 256l154.02 154.75c9.34 9.38 9.32 24.54-.04 33.9l-22.67 22.67c-9.37 9.37-24.57 9.37-33.94 0L34.52 272.97c-9.37-9.37-9.37-24.57 0-33.94z\"><\/path><\/svg>\t\t\t<\/span>\n\t\t\t\t\t\t\t\t\t<span class=\"elementor-button-text\">section sociale<\/span>\n\t\t\t\t\t<\/span>\n\t\t\t\t\t<\/a>\n\t\t\t\t<\/div>\n\t\t\t\t\t\t\t\t<\/div>\n\t\t\t\t<\/div>\n\t\t\t\t<\/div>\n\t\t<div class=\"elementor-element elementor-element-1449dd60 e-flex e-con-boxed e-con e-parent\" data-id=\"1449dd60\" data-element_type=\"container\">\n\t\t\t\t\t<div class=\"e-con-inner\">\n\t\t\t\t<div class=\"elementor-element elementor-element-26287352 elementor-widget elementor-widget-spacer\" data-id=\"26287352\" data-element_type=\"widget\" data-widget_type=\"spacer.default\">\n\t\t\t\t<div class=\"elementor-widget-container\">\n\t\t\t\t\t\t\t<div class=\"elementor-spacer\">\n\t\t\t<div class=\"elementor-spacer-inner\"><\/div>\n\t\t<\/div>\n\t\t\t\t\t\t<\/div>\n\t\t\t\t<\/div>\n\t\t\t\t<div class=\"elementor-element elementor-element-7c473c30 elementor-widget elementor-widget-text-editor\" data-id=\"7c473c30\" data-element_type=\"widget\" data-widget_type=\"text-editor.default\">\n\t\t\t\t<div class=\"elementor-widget-container\">\n\t\t\t\t\t\t\t\t\t<p>Chez Leclerc, nos \u00e9quipes sont notre plus grande force. Diversit\u00e9, inclusion, d\u00e9veloppement et bien-\u00eatre sont au c\u0153ur de notre culture d\u2019entreprise. Nous cultivons un environnement de travail o\u00f9 chaque personne peut s\u2019\u00e9panouir, \u00e9voluer et contribuer \u00e0 b\u00e2tir un avenir commun, humain et durable.<\/p><p>Nos pratiques sont r\u00e9guli\u00e8rement audit\u00e9es par nos clients, tant en mati\u00e8re de conditions de travail que de performance environnementale, ce qui t\u00e9moigne de notre engagement envers des standards \u00e9lev\u00e9s et une am\u00e9lioration continue.<\/p>\t\t\t\t\t\t\t\t<\/div>\n\t\t\t\t<\/div>\n\t\t\t\t<div class=\"elementor-element elementor-element-37cca407 elementor-widget elementor-widget-spacer\" data-id=\"37cca407\" data-element_type=\"widget\" data-widget_type=\"spacer.default\">\n\t\t\t\t<div class=\"elementor-widget-container\">\n\t\t\t\t\t\t\t<div class=\"elementor-spacer\">\n\t\t\t<div class=\"elementor-spacer-inner\"><\/div>\n\t\t<\/div>\n\t\t\t\t\t\t<\/div>\n\t\t\t\t<\/div>\n\t\t\t\t\t<\/div>\n\t\t\t\t<\/div>\n\t\t<div class=\"elementor-element elementor-element-23e7e76 e-flex e-con-boxed e-con e-parent\" data-id=\"23e7e76\" data-element_type=\"container\" data-settings=\"{&quot;background_background&quot;:&quot;classic&quot;}\">\n\t\t\t\t\t<div class=\"e-con-inner\">\n\t\t\t\t<div class=\"elementor-element elementor-element-7031c06a elementor-widget elementor-widget-spacer\" data-id=\"7031c06a\" data-element_type=\"widget\" data-widget_type=\"spacer.default\">\n\t\t\t\t<div class=\"elementor-widget-container\">\n\t\t\t\t\t\t\t<div class=\"elementor-spacer\">\n\t\t\t<div class=\"elementor-spacer-inner\"><\/div>\n\t\t<\/div>\n\t\t\t\t\t\t<\/div>\n\t\t\t\t<\/div>\n\t\t\t\t<div class=\"elementor-element elementor-element-7fc823a9 elementor-widget elementor-widget-heading\" data-id=\"7fc823a9\" data-element_type=\"widget\" data-widget_type=\"heading.default\">\n\t\t\t\t<div class=\"elementor-widget-container\">\n\t\t\t\t\t<h2 class=\"elementor-heading-title elementor-size-default\">ENGAGEMENTS CL\u00c9S<\/h2>\t\t\t\t<\/div>\n\t\t\t\t<\/div>\n\t\t\t\t<div class=\"elementor-element elementor-element-245bd992 elementor-widget elementor-widget-spacer\" data-id=\"245bd992\" data-element_type=\"widget\" data-widget_type=\"spacer.default\">\n\t\t\t\t<div class=\"elementor-widget-container\">\n\t\t\t\t\t\t\t<div class=\"elementor-spacer\">\n\t\t\t<div class=\"elementor-spacer-inner\"><\/div>\n\t\t<\/div>\n\t\t\t\t\t\t<\/div>\n\t\t\t\t<\/div>\n\t\t<div class=\"elementor-element elementor-element-6c7613f5 e-con-full e-flex e-con e-child\" data-id=\"6c7613f5\" data-element_type=\"container\">\n\t\t<div class=\"elementor-element elementor-element-56ef6768 e-con-full e-flex e-con e-child\" data-id=\"56ef6768\" data-element_type=\"container\" data-settings=\"{&quot;background_background&quot;:&quot;classic&quot;}\">\n\t\t\t\t<div class=\"elementor-element elementor-element-31dc2c8b elementor-widget elementor-widget-heading\" data-id=\"31dc2c8b\" data-element_type=\"widget\" data-widget_type=\"heading.default\">\n\t\t\t\t<div class=\"elementor-widget-container\">\n\t\t\t\t\t<h2 class=\"elementor-heading-title elementor-size-default\">INCLUSION ET DIVERSIT\u00c9<\/h2>\t\t\t\t<\/div>\n\t\t\t\t<\/div>\n\t\t\t\t<div class=\"elementor-element elementor-element-424e0f10 elementor-widget__width-inherit elementor-widget elementor-widget-text-editor\" data-id=\"424e0f10\" data-element_type=\"widget\" data-widget_type=\"text-editor.default\">\n\t\t\t\t<div class=\"elementor-widget-container\">\n\t\t\t\t\t\t\t\t\t<p>Nous valorisons la richesse des parcours individuels. Chaque employ\u00e9 est accueilli dans un environnement inclusif, respectueux et \u00e9quitable.<\/p>\t\t\t\t\t\t\t\t<\/div>\n\t\t\t\t<\/div>\n\t\t\t\t<\/div>\n\t\t<div class=\"elementor-element elementor-element-20b2c2d7 e-con-full e-flex e-con e-child\" data-id=\"20b2c2d7\" data-element_type=\"container\" data-settings=\"{&quot;background_background&quot;:&quot;classic&quot;}\">\n\t\t\t\t<div class=\"elementor-element elementor-element-5e95180d elementor-widget elementor-widget-heading\" data-id=\"5e95180d\" data-element_type=\"widget\" data-widget_type=\"heading.default\">\n\t\t\t\t<div class=\"elementor-widget-container\">\n\t\t\t\t\t<h2 class=\"elementor-heading-title elementor-size-default\">D\u00c9VELOPPEMENT ET R\u00c9TENTION<\/h2>\t\t\t\t<\/div>\n\t\t\t\t<\/div>\n\t\t\t\t<div class=\"elementor-element elementor-element-43942ec6 elementor-widget__width-inherit elementor-widget elementor-widget-text-editor\" data-id=\"43942ec6\" data-element_type=\"widget\" data-widget_type=\"text-editor.default\">\n\t\t\t\t<div class=\"elementor-widget-container\">\n\t\t\t\t\t\t\t\t\t<p>Gr\u00e2ce \u00e0 des plans de succession solides, nous soutenons la croissance professionnelle de nos talents tout en assurant la stabilit\u00e9 \u00e0 long terme de l\u2019entreprise.<\/p>\t\t\t\t\t\t\t\t<\/div>\n\t\t\t\t<\/div>\n\t\t\t\t<\/div>\n\t\t<div class=\"elementor-element elementor-element-5579b6c6 e-con-full e-flex e-con e-child\" data-id=\"5579b6c6\" data-element_type=\"container\" data-settings=\"{&quot;background_background&quot;:&quot;classic&quot;}\">\n\t\t\t\t<div class=\"elementor-element elementor-element-3598125e elementor-widget elementor-widget-heading\" data-id=\"3598125e\" data-element_type=\"widget\" data-widget_type=\"heading.default\">\n\t\t\t\t<div class=\"elementor-widget-container\">\n\t\t\t\t\t<h2 class=\"elementor-heading-title elementor-size-default\">MOBILISATION ET VALORISATION<\/h2>\t\t\t\t<\/div>\n\t\t\t\t<\/div>\n\t\t\t\t<div class=\"elementor-element elementor-element-429b80a8 elementor-widget__width-inherit elementor-widget elementor-widget-text-editor\" data-id=\"429b80a8\" data-element_type=\"widget\" data-widget_type=\"text-editor.default\">\n\t\t\t\t<div class=\"elementor-widget-container\">\n\t\t\t\t\t\t\t\t\t<p>Nous cr\u00e9ons des opportunit\u00e9s concr\u00e8tes de d\u00e9veloppement et de reconnaissance pour que chacun puisse se sentir engag\u00e9 et fier de son apport.<\/p>\t\t\t\t\t\t\t\t<\/div>\n\t\t\t\t<\/div>\n\t\t\t\t<\/div>\n\t\t\t\t<\/div>\n\t\t\t\t<div class=\"elementor-element elementor-element-494bf34b elementor-widget elementor-widget-spacer\" data-id=\"494bf34b\" data-element_type=\"widget\" data-widget_type=\"spacer.default\">\n\t\t\t\t<div class=\"elementor-widget-container\">\n\t\t\t\t\t\t\t<div class=\"elementor-spacer\">\n\t\t\t<div class=\"elementor-spacer-inner\"><\/div>\n\t\t<\/div>\n\t\t\t\t\t\t<\/div>\n\t\t\t\t<\/div>\n\t\t\t\t\t<\/div>\n\t\t\t\t<\/div>\n\t\t<div class=\"elementor-element elementor-element-4ef37396 e-flex e-con-boxed e-con e-parent\" data-id=\"4ef37396\" data-element_type=\"container\">\n\t\t\t\t\t<div class=\"e-con-inner\">\n\t\t\t\t<div class=\"elementor-element elementor-element-2c5c37d0 elementor-widget elementor-widget-spacer\" data-id=\"2c5c37d0\" data-element_type=\"widget\" data-widget_type=\"spacer.default\">\n\t\t\t\t<div class=\"elementor-widget-container\">\n\t\t\t\t\t\t\t<div class=\"elementor-spacer\">\n\t\t\t<div class=\"elementor-spacer-inner\"><\/div>\n\t\t<\/div>\n\t\t\t\t\t\t<\/div>\n\t\t\t\t<\/div>\n\t\t\t\t<div class=\"elementor-element elementor-element-393cdff5 elementor-widget elementor-widget-heading\" data-id=\"393cdff5\" data-element_type=\"widget\" data-widget_type=\"heading.default\">\n\t\t\t\t<div class=\"elementor-widget-container\">\n\t\t\t\t\t<h2 class=\"elementor-heading-title elementor-size-default\">DES CHIFFRES QUI PARLENT<\/h2>\t\t\t\t<\/div>\n\t\t\t\t<\/div>\n\t\t\t\t<div class=\"elementor-element elementor-element-172e9bcb elementor-widget elementor-widget-heading\" data-id=\"172e9bcb\" data-element_type=\"widget\" data-widget_type=\"heading.default\">\n\t\t\t\t<div class=\"elementor-widget-container\">\n\t\t\t\t\t<h2 class=\"elementor-heading-title elementor-size-default\">FAITS SAILLANTS<\/h2>\t\t\t\t<\/div>\n\t\t\t\t<\/div>\n\t\t<div class=\"elementor-element elementor-element-7de0e48d e-con-full e-grid e-con e-child\" data-id=\"7de0e48d\" data-element_type=\"container\">\n\t\t\t\t<div class=\"elementor-element elementor-element-35d2b8a0 elementor-position-top elementor-position-top elementor-widget elementor-widget-image-box\" data-id=\"35d2b8a0\" data-element_type=\"widget\" data-widget_type=\"image-box.default\">\n\t\t\t\t<div class=\"elementor-widget-container\">\n\t\t\t\t\t<div class=\"elementor-image-box-wrapper\"><figure class=\"elementor-image-box-img\"><img decoding=\"async\" src=\"\/wp-content\/uploads\/2025\/05\/gens-icon-1.svg\" class=\"attachment-full size-full wp-image-292\" alt=\"\" \/><\/figure><div class=\"elementor-image-box-content\"><h3 class=\"elementor-image-box-title\">43%<\/h3><p class=\"elementor-image-box-description\">de nos gestionnaires sont des femmes.<\/p><\/div><\/div>\t\t\t\t<\/div>\n\t\t\t\t<\/div>\n\t\t\t\t<div class=\"elementor-element elementor-element-5cb9d821 elementor-position-top elementor-position-top elementor-widget elementor-widget-image-box\" data-id=\"5cb9d821\" data-element_type=\"widget\" data-widget_type=\"image-box.default\">\n\t\t\t\t<div class=\"elementor-widget-container\">\n\t\t\t\t\t<div class=\"elementor-image-box-wrapper\"><figure class=\"elementor-image-box-img\"><img decoding=\"async\" src=\"\/wp-content\/uploads\/2025\/05\/gens-icon-2.svg\" class=\"attachment-full size-full wp-image-293\" alt=\"\" \/><\/figure><div class=\"elementor-image-box-content\"><h3 class=\"elementor-image-box-title\">20 NATIONALIT\u00c9S<\/h3><p class=\"elementor-image-box-description\">sont repr\u00e9sent\u00e9es au sein de nos \u00e9quipes.<\/p><\/div><\/div>\t\t\t\t<\/div>\n\t\t\t\t<\/div>\n\t\t\t\t<div class=\"elementor-element elementor-element-49039a61 elementor-position-top elementor-position-top elementor-widget elementor-widget-image-box\" data-id=\"49039a61\" data-element_type=\"widget\" data-widget_type=\"image-box.default\">\n\t\t\t\t<div class=\"elementor-widget-container\">\n\t\t\t\t\t<div class=\"elementor-image-box-wrapper\"><figure class=\"elementor-image-box-img\"><img decoding=\"async\" src=\"\/wp-content\/uploads\/2025\/05\/gens-icon-3.svg\" class=\"attachment-full size-full wp-image-294\" alt=\"\" \/><\/figure><div class=\"elementor-image-box-content\"><h3 class=\"elementor-image-box-title\">25 000 H \/ AN<\/h3><p class=\"elementor-image-box-description\">sont investies dans la formation de nos \u00e9quipes.<\/p><\/div><\/div>\t\t\t\t<\/div>\n\t\t\t\t<\/div>\n\t\t\t\t<div class=\"elementor-element elementor-element-42200d5a elementor-position-top elementor-position-top elementor-widget elementor-widget-image-box\" data-id=\"42200d5a\" data-element_type=\"widget\" data-widget_type=\"image-box.default\">\n\t\t\t\t<div class=\"elementor-widget-container\">\n\t\t\t\t\t<div class=\"elementor-image-box-wrapper\"><figure class=\"elementor-image-box-img\"><img decoding=\"async\" src=\"\/wp-content\/uploads\/2025\/05\/gens-icon-4.svg\" class=\"attachment-full size-full wp-image-289\" alt=\"\" \/><\/figure><div class=\"elementor-image-box-content\"><h3 class=\"elementor-image-box-title\">10 ANS<\/h3><p class=\"elementor-image-box-description\">20 % de nos employ\u00e9s sont avec nous depuis plus de 10 ans.<\/p><\/div><\/div>\t\t\t\t<\/div>\n\t\t\t\t<\/div>\n\t\t\t\t<\/div>\n\t\t\t\t\t<\/div>\n\t\t\t\t<\/div>\n\t\t<div class=\"elementor-element elementor-element-19a7ff5a e-flex e-con-boxed e-con e-parent\" data-id=\"19a7ff5a\" data-element_type=\"container\" data-settings=\"{&quot;background_background&quot;:&quot;classic&quot;}\">\n\t\t\t\t\t<div class=\"e-con-inner\">\n\t\t\t\t<div class=\"elementor-element elementor-element-6d969428 elementor-widget elementor-widget-heading\" data-id=\"6d969428\" data-element_type=\"widget\" data-widget_type=\"heading.default\">\n\t\t\t\t<div class=\"elementor-widget-container\">\n\t\t\t\t\t<h2 class=\"elementor-heading-title elementor-size-default\">NOUS CROYONS QUE VALORISER CHAQUE PERSONNE, C\u2019EST FAIRE GRANDIR TOUTE L\u2019ORGANISATION.<\/h2>\t\t\t\t<\/div>\n\t\t\t\t<\/div>\n\t\t\t\t\t<\/div>\n\t\t\t\t<\/div>\n\t\t\t\t<\/div>\n\t\t","protected":false},"excerpt":{"rendered":"<p>nos gens section sociale Chez Leclerc, nos \u00e9quipes sont notre plus grande force. Diversit\u00e9, inclusion, d\u00e9veloppement et bien-\u00eatre sont au c\u0153ur de notre culture d\u2019entreprise. Nous cultivons un environnement de travail o\u00f9 chaque personne peut s\u2019\u00e9panouir, \u00e9voluer et contribuer \u00e0 b\u00e2tir un avenir commun, humain et durable. Nos pratiques sont r\u00e9guli\u00e8rement audit\u00e9es par nos clients, [&hellip;]<\/p>\n","protected":false},"author":2,"featured_media":0,"parent":81,"menu_order":0,"comment_status":"closed","ping_status":"closed","template":"","meta":{"_acf_changed":false,"footnotes":""},"class_list":["post-60","page","type-page","status-publish","hentry"],"acf":[],"aioseo_notices":[],"mb":[],"mfb_rest_fields":["title","aioseo_notices","gutenberg_elementor_mode"],"_links":{"self":[{"href":"https:\/\/leclerc.ca\/wp-json\/wp\/v2\/pages\/60","targetHints":{"allow":["GET"]}}],"collection":[{"href":"https:\/\/leclerc.ca\/wp-json\/wp\/v2\/pages"}],"about":[{"href":"https:\/\/leclerc.ca\/wp-json\/wp\/v2\/types\/page"}],"author":[{"embeddable":true,"href":"https:\/\/leclerc.ca\/wp-json\/wp\/v2\/users\/2"}],"replies":[{"embeddable":true,"href":"https:\/\/leclerc.ca\/wp-json\/wp\/v2\/comments?post=60"}],"version-history":[{"count":69,"href":"https:\/\/leclerc.ca\/wp-json\/wp\/v2\/pages\/60\/revisions"}],"predecessor-version":[{"id":2318,"href":"https:\/\/leclerc.ca\/wp-json\/wp\/v2\/pages\/60\/revisions\/2318"}],"up":[{"embeddable":true,"href":"https:\/\/leclerc.ca\/wp-json\/wp\/v2\/pages\/81"}],"wp:attachment":[{"href":"https:\/\/leclerc.ca\/wp-json\/wp\/v2\/media?parent=60"}],"curies":[{"name":"wp","href":"https:\/\/api.w.org\/{rel}","templated":true}]}}