{"id":57,"date":"2025-05-30T08:58:23","date_gmt":"2025-05-30T12:58:23","guid":{"rendered":"https:\/\/leclercwebsite-f9excuezfmheenah.canadacentral-01.azurewebsites.net\/sante-et-securite-2\/"},"modified":"2025-06-13T10:49:22","modified_gmt":"2025-06-13T14:49:22","slug":"sante-securite","status":"publish","type":"page","link":"https:\/\/leclerc.ca\/fr\/entreprise-citoyenne\/social\/sante-securite\/","title":{"rendered":"Sant\u00e9 et s\u00e9curit\u00e9"},"content":{"rendered":"\t\t<div data-elementor-type=\"wp-page\" data-elementor-id=\"57\" class=\"elementor elementor-57\">\n\t\t\t\t<div class=\"elementor-element elementor-element-4ed2b37d e-con-full header-container e-flex e-con e-parent\" data-id=\"4ed2b37d\" data-element_type=\"container\" data-settings=\"{&quot;background_background&quot;:&quot;classic&quot;}\">\n\t\t\t\t<div class=\"elementor-element elementor-element-3e0a4cf6 elementor-widget elementor-widget-heading\" data-id=\"3e0a4cf6\" data-element_type=\"widget\" data-widget_type=\"heading.default\">\n\t\t\t\t<div class=\"elementor-widget-container\">\n\t\t\t\t\t<h2 class=\"elementor-heading-title elementor-size-default\">SANT\u00c9 ET S\u00c9CURIT\u00c9<\/h2>\t\t\t\t<\/div>\n\t\t\t\t<\/div>\n\t\t\t\t<div class=\"elementor-element elementor-element-3db9206d elementor-align-left elementor-widget elementor-widget-button\" data-id=\"3db9206d\" data-element_type=\"widget\" data-widget_type=\"button.default\">\n\t\t\t\t<div class=\"elementor-widget-container\">\n\t\t\t\t\t\t\t\t\t<div class=\"elementor-button-wrapper\">\n\t\t\t\t\t<a class=\"elementor-button elementor-button-link elementor-size-sm\" href=\"\/entreprise-citoyenne\/social\/\">\n\t\t\t\t\t\t<span class=\"elementor-button-content-wrapper\">\n\t\t\t\t\t\t<span class=\"elementor-button-icon\">\n\t\t\t\t<svg aria-hidden=\"true\" class=\"e-font-icon-svg e-fas-chevron-left\" viewBox=\"0 0 320 512\" xmlns=\"http:\/\/www.w3.org\/2000\/svg\"><path d=\"M34.52 239.03L228.87 44.69c9.37-9.37 24.57-9.37 33.94 0l22.67 22.67c9.36 9.36 9.37 24.52.04 33.9L131.49 256l154.02 154.75c9.34 9.38 9.32 24.54-.04 33.9l-22.67 22.67c-9.37 9.37-24.57 9.37-33.94 0L34.52 272.97c-9.37-9.37-9.37-24.57 0-33.94z\"><\/path><\/svg>\t\t\t<\/span>\n\t\t\t\t\t\t\t\t\t<span class=\"elementor-button-text\">section sociale<\/span>\n\t\t\t\t\t<\/span>\n\t\t\t\t\t<\/a>\n\t\t\t\t<\/div>\n\t\t\t\t\t\t\t\t<\/div>\n\t\t\t\t<\/div>\n\t\t\t\t<\/div>\n\t\t<div class=\"elementor-element elementor-element-6aa08dd e-flex e-con-boxed e-con e-parent\" data-id=\"6aa08dd\" data-element_type=\"container\">\n\t\t\t\t\t<div class=\"e-con-inner\">\n\t\t\t\t<div class=\"elementor-element elementor-element-1ff4bf2f elementor-widget elementor-widget-spacer\" data-id=\"1ff4bf2f\" data-element_type=\"widget\" data-widget_type=\"spacer.default\">\n\t\t\t\t<div class=\"elementor-widget-container\">\n\t\t\t\t\t\t\t<div class=\"elementor-spacer\">\n\t\t\t<div class=\"elementor-spacer-inner\"><\/div>\n\t\t<\/div>\n\t\t\t\t\t\t<\/div>\n\t\t\t\t<\/div>\n\t\t\t\t<div class=\"elementor-element elementor-element-63aa2d21 elementor-widget elementor-widget-text-editor\" data-id=\"63aa2d21\" data-element_type=\"widget\" data-widget_type=\"text-editor.default\">\n\t\t\t\t<div class=\"elementor-widget-container\">\n\t\t\t\t\t\t\t\t\t<p>La sant\u00e9 et la s\u00e9curit\u00e9 de nos \u00e9quipes sont les piliers de notre organisation. Chez Leclerc, nous croyons que chaque employ\u00e9 m\u00e9rite un environnement de travail sain, s\u00e9curitaire et mobilisant. C\u2019est pourquoi nous avons mis en place une culture pr\u00e9ventive, collaborative et responsabilisante, \u00e0 tous les niveaux de l\u2019entreprise.<\/p>\t\t\t\t\t\t\t\t<\/div>\n\t\t\t\t<\/div>\n\t\t\t\t<div class=\"elementor-element elementor-element-2fb8bab4 elementor-widget elementor-widget-spacer\" data-id=\"2fb8bab4\" data-element_type=\"widget\" data-widget_type=\"spacer.default\">\n\t\t\t\t<div class=\"elementor-widget-container\">\n\t\t\t\t\t\t\t<div class=\"elementor-spacer\">\n\t\t\t<div class=\"elementor-spacer-inner\"><\/div>\n\t\t<\/div>\n\t\t\t\t\t\t<\/div>\n\t\t\t\t<\/div>\n\t\t\t\t<div class=\"elementor-element elementor-element-61af35ce elementor-widget-divider--view-line elementor-widget elementor-widget-divider\" data-id=\"61af35ce\" data-element_type=\"widget\" data-widget_type=\"divider.default\">\n\t\t\t\t<div class=\"elementor-widget-container\">\n\t\t\t\t\t\t\t<div class=\"elementor-divider\">\n\t\t\t<span class=\"elementor-divider-separator\">\n\t\t\t\t\t\t<\/span>\n\t\t<\/div>\n\t\t\t\t\t\t<\/div>\n\t\t\t\t<\/div>\n\t\t\t\t\t<\/div>\n\t\t\t\t<\/div>\n\t\t<div class=\"elementor-element elementor-element-37dbc2dc e-flex e-con-boxed e-con e-parent\" data-id=\"37dbc2dc\" data-element_type=\"container\">\n\t\t\t\t\t<div class=\"e-con-inner\">\n\t\t\t\t<div class=\"elementor-element elementor-element-51a9bce5 elementor-widget elementor-widget-heading\" data-id=\"51a9bce5\" data-element_type=\"widget\" data-widget_type=\"heading.default\">\n\t\t\t\t<div class=\"elementor-widget-container\">\n\t\t\t\t\t<h2 class=\"elementor-heading-title elementor-size-default\">plan d'action<\/h2>\t\t\t\t<\/div>\n\t\t\t\t<\/div>\n\t\t\t\t<div class=\"elementor-element elementor-element-7c48c597 elementor-widget elementor-widget-heading\" data-id=\"7c48c597\" data-element_type=\"widget\" data-widget_type=\"heading.default\">\n\t\t\t\t<div class=\"elementor-widget-container\">\n\t\t\t\t\t<h2 class=\"elementor-heading-title elementor-size-default\">LEVIERS D\u2019ACTIONS<\/h2>\t\t\t\t<\/div>\n\t\t\t\t<\/div>\n\t\t\t\t<div class=\"elementor-element elementor-element-6d446220 elementor-widget elementor-widget-spacer\" data-id=\"6d446220\" data-element_type=\"widget\" data-widget_type=\"spacer.default\">\n\t\t\t\t<div class=\"elementor-widget-container\">\n\t\t\t\t\t\t\t<div class=\"elementor-spacer\">\n\t\t\t<div class=\"elementor-spacer-inner\"><\/div>\n\t\t<\/div>\n\t\t\t\t\t\t<\/div>\n\t\t\t\t<\/div>\n\t\t<div class=\"elementor-element elementor-element-327a6445 e-con-full e-flex e-con e-child\" data-id=\"327a6445\" data-element_type=\"container\">\n\t\t\t\t<div class=\"elementor-element elementor-element-7f7cb54a elementor-position-top elementor-position-top elementor-widget elementor-widget-image-box\" data-id=\"7f7cb54a\" data-element_type=\"widget\" data-widget_type=\"image-box.default\">\n\t\t\t\t<div class=\"elementor-widget-container\">\n\t\t\t\t\t<div class=\"elementor-image-box-wrapper\"><figure class=\"elementor-image-box-img\"><img decoding=\"async\" src=\"\/wp-content\/uploads\/2025\/05\/sante-icon-1.svg\" class=\"attachment-full size-full wp-image-280\" alt=\"\" \/><\/figure><div class=\"elementor-image-box-content\"><h3 class=\"elementor-image-box-title\">R\u00c8GLES D\u2019OR<\/h3><p class=\"elementor-image-box-description\">Elles structurent notre quotidien en usine : cadenassage, s\u00e9curit\u00e9 machine, s\u00e9curit\u00e9 \u00e9lectrique, et cohabitation s\u00e9curitaire entre pi\u00e9tons et \u00e9quipements mobiles.<\/p><\/div><\/div>\t\t\t\t<\/div>\n\t\t\t\t<\/div>\n\t\t\t\t<div class=\"elementor-element elementor-element-4dff79e3 elementor-position-top elementor-position-top elementor-widget elementor-widget-image-box\" data-id=\"4dff79e3\" data-element_type=\"widget\" data-widget_type=\"image-box.default\">\n\t\t\t\t<div class=\"elementor-widget-container\">\n\t\t\t\t\t<div class=\"elementor-image-box-wrapper\"><figure class=\"elementor-image-box-img\"><img decoding=\"async\" src=\"\/wp-content\/uploads\/2025\/05\/sante-icon-2.svg\" class=\"attachment-full size-full wp-image-281\" alt=\"\" \/><\/figure><div class=\"elementor-image-box-content\"><h3 class=\"elementor-image-box-title\">SOUS-COMIT\u00c9S<\/h3><p class=\"elementor-image-box-description\">Des \u00e9quipes d\u00e9di\u00e9es (ergonomie, sant\u00e9, bien-\u00eatre) travaillent \u00e0 identifier les enjeux et \u00e0 mettre en \u0153uvre des solutions concr\u00e8tes sur le terrain.<\/p><\/div><\/div>\t\t\t\t<\/div>\n\t\t\t\t<\/div>\n\t\t\t\t<div class=\"elementor-element elementor-element-7d9f4198 elementor-position-top elementor-position-top elementor-widget elementor-widget-image-box\" data-id=\"7d9f4198\" data-element_type=\"widget\" data-widget_type=\"image-box.default\">\n\t\t\t\t<div class=\"elementor-widget-container\">\n\t\t\t\t\t<div class=\"elementor-image-box-wrapper\"><figure class=\"elementor-image-box-img\"><img decoding=\"async\" src=\"\/wp-content\/uploads\/2025\/05\/sante-icon-3.svg\" class=\"attachment-full size-full wp-image-275\" alt=\"\" \/><\/figure><div class=\"elementor-image-box-content\"><h3 class=\"elementor-image-box-title\">AM\u00c9LIORATION CONTINUE<\/h3><p class=\"elementor-image-box-description\">\u00c9valuation r\u00e9guli\u00e8re de la maturit\u00e9 de nos \u00e9quipes, plans d\u2019action sur mesure, et implication directe des comit\u00e9s de sant\u00e9 et s\u00e9curit\u00e9.<\/p><\/div><\/div>\t\t\t\t<\/div>\n\t\t\t\t<\/div>\n\t\t\t\t<\/div>\n\t\t\t\t<div class=\"elementor-element elementor-element-6bbeec5f elementor-widget elementor-widget-spacer\" data-id=\"6bbeec5f\" data-element_type=\"widget\" data-widget_type=\"spacer.default\">\n\t\t\t\t<div class=\"elementor-widget-container\">\n\t\t\t\t\t\t\t<div class=\"elementor-spacer\">\n\t\t\t<div class=\"elementor-spacer-inner\"><\/div>\n\t\t<\/div>\n\t\t\t\t\t\t<\/div>\n\t\t\t\t<\/div>\n\t\t\t\t\t<\/div>\n\t\t\t\t<\/div>\n\t\t<div class=\"elementor-element elementor-element-925bd96 e-flex e-con-boxed e-con e-parent\" data-id=\"925bd96\" data-element_type=\"container\" data-settings=\"{&quot;background_background&quot;:&quot;classic&quot;}\">\n\t\t\t\t\t<div class=\"e-con-inner\">\n\t\t\t\t<div class=\"elementor-element elementor-element-15e7188c elementor-widget elementor-widget-heading\" data-id=\"15e7188c\" data-element_type=\"widget\" data-widget_type=\"heading.default\">\n\t\t\t\t<div class=\"elementor-widget-container\">\n\t\t\t\t\t<h3 class=\"elementor-heading-title elementor-size-default\">CE QUE \u00c7A CHANGE CONCR\u00c8TEMENT<\/h3>\t\t\t\t<\/div>\n\t\t\t\t<\/div>\n\t\t\t\t<div class=\"elementor-element elementor-element-154ca7c4 elementor-widget elementor-widget-text-editor\" data-id=\"154ca7c4\" data-element_type=\"widget\" data-widget_type=\"text-editor.default\">\n\t\t\t\t<div class=\"elementor-widget-container\">\n\t\t\t\t\t\t\t\t\t<p>Gr\u00e2ce \u00e0 cette mobilisation collective, nous avons consid\u00e9rablement r\u00e9duit les accidents au cours des derni\u00e8res ann\u00e9es. Notre vision : encourager l\u2019interd\u00e9pendance, la responsabilit\u00e9 partag\u00e9e et faire en sorte que chacun soit fier de contribuer \u00e0 un milieu de travail s\u00e9curitaire.<\/p>\t\t\t\t\t\t\t\t<\/div>\n\t\t\t\t<\/div>\n\t\t\t\t\t<\/div>\n\t\t\t\t<\/div>\n\t\t<div class=\"elementor-element elementor-element-425bcc88 e-flex e-con-boxed e-con e-parent\" data-id=\"425bcc88\" data-element_type=\"container\">\n\t\t\t\t\t<div class=\"e-con-inner\">\n\t\t\t\t<div class=\"elementor-element elementor-element-5f59f452 elementor-widget elementor-widget-heading\" data-id=\"5f59f452\" data-element_type=\"widget\" data-widget_type=\"heading.default\">\n\t\t\t\t<div class=\"elementor-widget-container\">\n\t\t\t\t\t<h2 class=\"elementor-heading-title elementor-size-default\">UN LIEU DE TRAVAIL S\u00c9CURITAIRE, C\u2019EST UN ENGAGEMENT COLLECTIF POUR LE MIEUX-\u00caTRE DE CHACUN.<\/h2>\t\t\t\t<\/div>\n\t\t\t\t<\/div>\n\t\t\t\t\t<\/div>\n\t\t\t\t<\/div>\n\t\t\t\t<\/div>\n\t\t","protected":false},"excerpt":{"rendered":"<p>SANT\u00c9 ET S\u00c9CURIT\u00c9 section sociale La sant\u00e9 et la s\u00e9curit\u00e9 de nos \u00e9quipes sont les piliers de notre organisation. Chez Leclerc, nous croyons que chaque employ\u00e9 m\u00e9rite un environnement de travail sain, s\u00e9curitaire et mobilisant. C\u2019est pourquoi nous avons mis en place une culture pr\u00e9ventive, collaborative et responsabilisante, \u00e0 tous les niveaux de l\u2019entreprise. plan [&hellip;]<\/p>\n","protected":false},"author":2,"featured_media":0,"parent":81,"menu_order":0,"comment_status":"closed","ping_status":"closed","template":"","meta":{"_acf_changed":false,"footnotes":""},"class_list":["post-57","page","type-page","status-publish","hentry"],"acf":[],"aioseo_notices":[],"mb":[],"mfb_rest_fields":["title","aioseo_notices","gutenberg_elementor_mode"],"_links":{"self":[{"href":"https:\/\/leclerc.ca\/wp-json\/wp\/v2\/pages\/57","targetHints":{"allow":["GET"]}}],"collection":[{"href":"https:\/\/leclerc.ca\/wp-json\/wp\/v2\/pages"}],"about":[{"href":"https:\/\/leclerc.ca\/wp-json\/wp\/v2\/types\/page"}],"author":[{"embeddable":true,"href":"https:\/\/leclerc.ca\/wp-json\/wp\/v2\/users\/2"}],"replies":[{"embeddable":true,"href":"https:\/\/leclerc.ca\/wp-json\/wp\/v2\/comments?post=57"}],"version-history":[{"count":45,"href":"https:\/\/leclerc.ca\/wp-json\/wp\/v2\/pages\/57\/revisions"}],"predecessor-version":[{"id":2327,"href":"https:\/\/leclerc.ca\/wp-json\/wp\/v2\/pages\/57\/revisions\/2327"}],"up":[{"embeddable":true,"href":"https:\/\/leclerc.ca\/wp-json\/wp\/v2\/pages\/81"}],"wp:attachment":[{"href":"https:\/\/leclerc.ca\/wp-json\/wp\/v2\/media?parent=57"}],"curies":[{"name":"wp","href":"https:\/\/api.w.org\/{rel}","templated":true}]}}